{"id":9449,"date":"2015-01-21T13:20:36","date_gmt":"2015-01-21T12:20:36","guid":{"rendered":"https:\/\/wegeblw.pl\/index.php\/produkt\/rodzina-zdrowia-essentioliver-kaps-30kaps\/"},"modified":"2026-04-09T10:46:16","modified_gmt":"2026-04-09T08:46:16","slug":"rodzina-zdrowia-essentioliver-kaps-30kaps","status":"publish","type":"product","link":"https:\/\/wegeblw.pl\/index.php\/produkt\/rodzina-zdrowia-essentioliver-kaps-30kaps\/","title":{"rendered":"Rodzina Zdrowia EssentioLiver kaps. 30kaps"},"content":{"rendered":"<p>ETUI FUTERA\u0141 NA DZIECI\u0118CEOKULARY SC-10A<\/p>\n<p>Akcesoria do okular\u00f3w<\/p>\n<p>l theanina, sheik bananowy, chleb na proszku do pieczenia, b 50, ketchup premium, m\u0105ka razowa cena, galart, chleb orkiszowy na zakwasie<\/p>\n<p>yyyyy<\/p>\n","protected":false},"excerpt":{"rendered":"<p>ETUI FUTERA\u0141 NA DZIECI\u0118CEOKULARY SC-10A Akcesoria do okular\u00f3w l theanina, sheik bananowy, chleb na proszku do pieczenia, b 50, ketchup&hellip;<\/p>\n","protected":false},"featured_media":9450,"comment_status":"closed","ping_status":"open","template":"","meta":[],"product_cat":[29],"product_tag":[808,676,725,678],"class_list":["post-9449","product","type-product","status-publish","has-post-thumbnail","hentry","product_cat-pozostale-suplementy","product_tag-ciasto-sekacz","product_tag-owoc-granatu-jak-jesc","product_tag-pasta-sezamowa-do-czego","product_tag-springrolls"],"_links":{"self":[{"href":"https:\/\/wegeblw.pl\/index.php\/wp-json\/wp\/v2\/product\/9449","targetHints":{"allow":["GET"]}}],"collection":[{"href":"https:\/\/wegeblw.pl\/index.php\/wp-json\/wp\/v2\/product"}],"about":[{"href":"https:\/\/wegeblw.pl\/index.php\/wp-json\/wp\/v2\/types\/product"}],"replies":[{"embeddable":true,"href":"https:\/\/wegeblw.pl\/index.php\/wp-json\/wp\/v2\/comments?post=9449"}],"wp:featuredmedia":[{"embeddable":true,"href":"https:\/\/wegeblw.pl\/index.php\/wp-json\/wp\/v2\/media\/9450"}],"wp:attachment":[{"href":"https:\/\/wegeblw.pl\/index.php\/wp-json\/wp\/v2\/media?parent=9449"}],"wp:term":[{"taxonomy":"product_cat","embeddable":true,"href":"https:\/\/wegeblw.pl\/index.php\/wp-json\/wp\/v2\/product_cat?post=9449"},{"taxonomy":"product_tag","embeddable":true,"href":"https:\/\/wegeblw.pl\/index.php\/wp-json\/wp\/v2\/product_tag?post=9449"}],"curies":[{"name":"wp","href":"https:\/\/api.w.org\/{rel}","templated":true}]}}