{"id":9453,"date":"2012-11-14T16:36:27","date_gmt":"2012-11-14T15:36:27","guid":{"rendered":"https:\/\/wegeblw.pl\/index.php\/produkt\/elgydium-pansoral-15ml-teething-zel-lagodzacy-objawy-zabkowania-u-niemowlat\/"},"modified":"2026-04-29T01:26:29","modified_gmt":"2026-04-28T23:26:29","slug":"elgydium-pansoral-15ml-teething-zel-lagodzacy-objawy-zabkowania-u-niemowlat","status":"publish","type":"product","link":"https:\/\/wegeblw.pl\/index.php\/produkt\/elgydium-pansoral-15ml-teething-zel-lagodzacy-objawy-zabkowania-u-niemowlat\/","title":{"rendered":"Elgydium PANSORAL 15ml Teething &#8211; \u017cel \u0142agodz\u0105cy objawy z\u0105bkowania u niemowl\u0105t"},"content":{"rendered":"<p>Wskazania:Homeopatyczny produkt leczniczy bez wskaza\u0144 leczniczych.W\u0142a\u015bciwo\u015bci:Homeopatyczny produkt leczniczy bez wskaza\u0144 leczniczych. Ten sam lek mo\u017cna stosowa\u0107 w leczeniu r\u00f3\u017cnych chor\u00f3b, a jego wskazania terapeutyczne s\u0105 bardzo szerokie, dlatego te\u017c do leku nie do\u0142\u0105cza si\u0119 ulotki informacyjnej i nie umieszcza si\u0119 na opakowaniu informacji dotycz\u0105cych sposobu dawkowania.Spos\u00f3b u\u017cycia:Lek przyjmowa\u0107 drog\u0105 podj\u0119zykow\u0105, trzymaj\u0105c w jamie ustnej do rozpuszczenia (ok. 2-3 minuty).W przypadku ma\u0142ych dzieci lek rozpu\u015bci\u0107 w niewielkiej ilo\u015bci wody i poda\u0107 dziecku.Lek przyjmowa\u0107 najp\u00f3\u017aniej 15 minut przed lub nie wcze\u015bniej ni\u017c 0,5h po posi\u0142ku.Opakowanie: granulki 4 g (ok. 80 granulek)<\/p>\n<p>Homeopatia<\/p>\n<p>vetements.pl, wege mi\u0119so mielone, relaksacja na stres, s\u00f3l k\u0142odawska niejodowana, mata bambusowa do sushi, orzeszki w papryce, dania bezglutenowe i bezmleczne<\/p>\n<p><a href=\"https:\/\/holterdodomu.pl\/pl\/c\/Holter-dla-Doroslych\/59\" rel=\"nofollow\">https:\/\/holterdodomu.pl\/pl\/c\/Holter-dla-Doroslych\/59<\/a><\/p>\n","protected":false},"excerpt":{"rendered":"<p>Wskazania:Homeopatyczny produkt leczniczy bez wskaza\u0144 leczniczych.W\u0142a\u015bciwo\u015bci:Homeopatyczny produkt leczniczy bez wskaza\u0144 leczniczych. Ten sam lek mo\u017cna stosowa\u0107 w leczeniu r\u00f3\u017cnych chor\u00f3b,&hellip;<\/p>\n","protected":false},"featured_media":9454,"comment_status":"closed","ping_status":"open","template":"","meta":[],"product_cat":[333],"product_tag":[814,759,775,740,640],"class_list":["post-9453","product","type-product","status-publish","has-post-thumbnail","hentry","product_cat-dzieci-i-niemowleta","product_tag-kotlet-linda-mccartney","product_tag-kurkuma","product_tag-kwasna-smietana","product_tag-siemie-lniane-na-co","product_tag-siemie-lniane-na-surowo"],"_links":{"self":[{"href":"https:\/\/wegeblw.pl\/index.php\/wp-json\/wp\/v2\/product\/9453","targetHints":{"allow":["GET"]}}],"collection":[{"href":"https:\/\/wegeblw.pl\/index.php\/wp-json\/wp\/v2\/product"}],"about":[{"href":"https:\/\/wegeblw.pl\/index.php\/wp-json\/wp\/v2\/types\/product"}],"replies":[{"embeddable":true,"href":"https:\/\/wegeblw.pl\/index.php\/wp-json\/wp\/v2\/comments?post=9453"}],"wp:featuredmedia":[{"embeddable":true,"href":"https:\/\/wegeblw.pl\/index.php\/wp-json\/wp\/v2\/media\/9454"}],"wp:attachment":[{"href":"https:\/\/wegeblw.pl\/index.php\/wp-json\/wp\/v2\/media?parent=9453"}],"wp:term":[{"taxonomy":"product_cat","embeddable":true,"href":"https:\/\/wegeblw.pl\/index.php\/wp-json\/wp\/v2\/product_cat?post=9453"},{"taxonomy":"product_tag","embeddable":true,"href":"https:\/\/wegeblw.pl\/index.php\/wp-json\/wp\/v2\/product_tag?post=9453"}],"curies":[{"name":"wp","href":"https:\/\/api.w.org\/{rel}","templated":true}]}}