{"id":9455,"date":"2019-08-13T13:53:28","date_gmt":"2019-08-13T11:53:28","guid":{"rendered":"https:\/\/wegeblw.pl\/index.php\/produkt\/mig-forte-zawiesina-doustna-dla-dzieci-40mg-ml-100ml\/"},"modified":"2026-04-07T02:25:52","modified_gmt":"2026-04-07T00:25:52","slug":"mig-forte-zawiesina-doustna-dla-dzieci-40mg-ml-100ml","status":"publish","type":"product","link":"https:\/\/wegeblw.pl\/index.php\/produkt\/mig-forte-zawiesina-doustna-dla-dzieci-40mg-ml-100ml\/","title":{"rendered":"MIG Forte zawiesina doustna dla dzieci 40mg\/ml 100ml"},"content":{"rendered":"<p>Okulary S\u0142oneczne Rodenstock<\/p>\n<p>Okulary przeciws\u0142oneczne damskie<\/p>\n<p>kasze z niskim ig, gdzie kupi\u0107 kwas askorbinowy, czy m\u0105ka orkiszowa jest zdrowa, acerola tabletki, bobovit, dysfagia u dzieci, plyn lugola co to, liver regeneration complex, krem do r\u0105k onlybio, seppa, sok bez dodatku cukru, zakwasownia<\/p>\n<p>yyyyy<\/p>\n","protected":false},"excerpt":{"rendered":"<p>Okulary S\u0142oneczne Rodenstock Okulary przeciws\u0142oneczne damskie kasze z niskim ig, gdzie kupi\u0107 kwas askorbinowy, czy m\u0105ka orkiszowa jest zdrowa, acerola&hellip;<\/p>\n","protected":false},"featured_media":9456,"comment_status":"closed","ping_status":"open","template":"","meta":[],"product_cat":[333],"product_tag":[723,779,833,660,860],"class_list":["post-9455","product","type-product","status-publish","has-post-thumbnail","hentry","product_cat-dzieci-i-niemowleta","product_tag-guar","product_tag-jak-gotowac-komose","product_tag-maka-orkiszowa","product_tag-olej-ryzowy","product_tag-syrop-klonowy-cena"],"_links":{"self":[{"href":"https:\/\/wegeblw.pl\/index.php\/wp-json\/wp\/v2\/product\/9455","targetHints":{"allow":["GET"]}}],"collection":[{"href":"https:\/\/wegeblw.pl\/index.php\/wp-json\/wp\/v2\/product"}],"about":[{"href":"https:\/\/wegeblw.pl\/index.php\/wp-json\/wp\/v2\/types\/product"}],"replies":[{"embeddable":true,"href":"https:\/\/wegeblw.pl\/index.php\/wp-json\/wp\/v2\/comments?post=9455"}],"wp:featuredmedia":[{"embeddable":true,"href":"https:\/\/wegeblw.pl\/index.php\/wp-json\/wp\/v2\/media\/9456"}],"wp:attachment":[{"href":"https:\/\/wegeblw.pl\/index.php\/wp-json\/wp\/v2\/media?parent=9455"}],"wp:term":[{"taxonomy":"product_cat","embeddable":true,"href":"https:\/\/wegeblw.pl\/index.php\/wp-json\/wp\/v2\/product_cat?post=9455"},{"taxonomy":"product_tag","embeddable":true,"href":"https:\/\/wegeblw.pl\/index.php\/wp-json\/wp\/v2\/product_tag?post=9455"}],"curies":[{"name":"wp","href":"https:\/\/api.w.org\/{rel}","templated":true}]}}