{"id":9480,"date":"2013-07-01T08:51:13","date_gmt":"2013-07-01T06:51:13","guid":{"rendered":"https:\/\/wegeblw.pl\/index.php\/produkt\/fisher-price-wozek-dla-lalki-pchacz-z-pozytywka-m9523\/"},"modified":"2026-04-28T13:51:49","modified_gmt":"2026-04-28T11:51:49","slug":"fisher-price-wozek-dla-lalki-pchacz-z-pozytywka-m9523","status":"publish","type":"product","link":"https:\/\/wegeblw.pl\/index.php\/produkt\/fisher-price-wozek-dla-lalki-pchacz-z-pozytywka-m9523\/","title":{"rendered":"Fisher-Price W\u00f3zek Dla Lalki Pchacz Z Pozytywk\u0105 M9523"},"content":{"rendered":"<p>Lauren Ralph Lauren Okulary przeciws\u0142oneczne 0RL8201 602274 Br\u0105zowy<\/p>\n<p>Okulary przeciws\u0142oneczne damskie<\/p>\n<p>zbigniew nowak ksi\u0105\u017cki, bia\u0142y sezam, olej z czarnuszki t\u0142oczony na zimno, ocet z granatu, neura, chlorek magnezu zastosowanie<\/p>\n<p><a href=\"https:\/\/cudimiod.pl\/diety-cud-i-miod\/dieta-if\">https:\/\/cudimiod.pl\/diety-cud-i-miod\/dieta-if<\/a><\/p>\n","protected":false},"excerpt":{"rendered":"<p>Lauren Ralph Lauren Okulary przeciws\u0142oneczne 0RL8201 602274 Br\u0105zowy Okulary przeciws\u0142oneczne damskie zbigniew nowak ksi\u0105\u017cki, bia\u0142y sezam, olej z czarnuszki t\u0142oczony&hellip;<\/p>\n","protected":false},"featured_media":9481,"comment_status":"closed","ping_status":"open","template":"","meta":[],"product_cat":[582],"product_tag":[791,793,649],"class_list":["post-9480","product","type-product","status-publish","has-post-thumbnail","hentry","product_cat-wozki-dla-lalek","product_tag-bio-market","product_tag-bio-planet-sklep","product_tag-organic24"],"_links":{"self":[{"href":"https:\/\/wegeblw.pl\/index.php\/wp-json\/wp\/v2\/product\/9480","targetHints":{"allow":["GET"]}}],"collection":[{"href":"https:\/\/wegeblw.pl\/index.php\/wp-json\/wp\/v2\/product"}],"about":[{"href":"https:\/\/wegeblw.pl\/index.php\/wp-json\/wp\/v2\/types\/product"}],"replies":[{"embeddable":true,"href":"https:\/\/wegeblw.pl\/index.php\/wp-json\/wp\/v2\/comments?post=9480"}],"wp:featuredmedia":[{"embeddable":true,"href":"https:\/\/wegeblw.pl\/index.php\/wp-json\/wp\/v2\/media\/9481"}],"wp:attachment":[{"href":"https:\/\/wegeblw.pl\/index.php\/wp-json\/wp\/v2\/media?parent=9480"}],"wp:term":[{"taxonomy":"product_cat","embeddable":true,"href":"https:\/\/wegeblw.pl\/index.php\/wp-json\/wp\/v2\/product_cat?post=9480"},{"taxonomy":"product_tag","embeddable":true,"href":"https:\/\/wegeblw.pl\/index.php\/wp-json\/wp\/v2\/product_tag?post=9480"}],"curies":[{"name":"wp","href":"https:\/\/api.w.org\/{rel}","templated":true}]}}