{"id":9488,"date":"2017-11-26T04:14:56","date_gmt":"2017-11-26T03:14:56","guid":{"rendered":"https:\/\/wegeblw.pl\/index.php\/produkt\/bebiko-junior-4-mleko-modyfikowane-powyzej-2-roku-zycia-800g\/"},"modified":"2026-04-07T01:20:38","modified_gmt":"2026-04-06T23:20:38","slug":"bebiko-junior-4-mleko-modyfikowane-powyzej-2-roku-zycia-800g","status":"publish","type":"product","link":"https:\/\/wegeblw.pl\/index.php\/produkt\/bebiko-junior-4-mleko-modyfikowane-powyzej-2-roku-zycia-800g\/","title":{"rendered":"Bebiko Junior 4 Mleko modyfikowane powy\u017cej 2 roku \u017cycia 800g"},"content":{"rendered":"<p>Ralph Lauren Ralph Lauren rozpocz\u0105\u0142 swoj\u0105 karier\u0119 kolekcj\u0105 krawat\u00f3w ponad 40 lat temu w Nowym Jorku. Dzisiaj Lauren mo\u017ce pochwali\u0107 si\u0119 25 markami a ka\u017cda z nich jest symbolem nieprzemijalnego ameryka\u0144skiego designu. Kolekcja okular\u00f3w Ralph Laurena to wiod\u0105ca linia podkre\u015blaj\u0105ca luksusowy wizerunek marki, r\u0119cznie stworzona z najlepszych materia\u0142\u00f3w. Dla kogo? Okulary korekcyjne Ralph Lauren RL6219U 6023 s\u0105 cz\u0119\u015bci\u0105 najnowszej kolekcji marki Ralph Lauren, kt\u00f3ra zosta\u0142a starannie przygotowana dla kobiet. Elegancki model z pe\u0142nymi oprawkami odzwierciedla najnowsze trendy w\u015br\u00f3d okular\u00f3w wsp\u00f3\u0142czesnych projektant\u00f3w, a jego koci kszta\u0142t sprawia, \u017ce Ralph Lauren RL6219U stanowi idealny wyb\u00f3r szczeg\u00f3lnie dla okr\u0105g\u0142ej, owalnej lub w kszta\u0142cie serca twarzy. Materia\u0142y Materia\u0142 u\u017cyty do wytworzenia oprawek to lekkie tworzywo sztuczne, kt\u00f3re zapewnia wyj\u0105tkow\u0105 niezawodno\u015b\u0107 i trwa\u0142o\u015b\u0107. Darmowa dostawa Kup okulary Ralph Lauren RL6219U 6023 na eyerim ju\u017c teraz i skorzystaj z bezp\u0142atnej dostawy w oryginalnym opakowaniu ochronnym bezpo\u015brednio pod Twoje drzwi.<\/p>\n<p>Okulary oprawki i szk\u0142a<\/p>\n<p>chrzan tarty na zim\u0119, jak powstaje jogurt, zdrowe s\u0142odycze dla dzieci ze sklepu, fasola mung przepis, poledwica \u0142ososiowa, zdrowy sk\u0142ad sklep ekologiczny, najlepsze zestawy witamin, lidl skrobia kukurydziana, mus jagodowy, nutri clinic collagen, p\u0142yn do naczy\u0144 w zmywarce, soya barista, tiamina cena, co to jest melasa, zupa grzybowa krem wigilijna, makaron spaghetti pe\u0142noziarnisty, orzechy nerkowca skad pochodza, zestaw do sushi house of asia, szasz\u0142yk z ananasem, k2mk7 krople, burak blog<\/p>\n<p>yyyyy<\/p>\n","protected":false},"excerpt":{"rendered":"<p>Ralph Lauren Ralph Lauren rozpocz\u0105\u0142 swoj\u0105 karier\u0119 kolekcj\u0105 krawat\u00f3w ponad 40 lat temu w Nowym Jorku. Dzisiaj Lauren mo\u017ce pochwali\u0107&hellip;<\/p>\n","protected":false},"featured_media":9489,"comment_status":"closed","ping_status":"open","template":"","meta":[],"product_cat":[479],"product_tag":[736,642,715,871,782,756],"class_list":["post-9488","product","type-product","status-publish","has-post-thumbnail","hentry","product_cat-mleka-nastepne","product_tag-dojrzale-pl","product_tag-granat","product_tag-jak-oczyscic-krewetki","product_tag-kwaszonki","product_tag-rekawiczki-nitrylowe-l","product_tag-sklep-ekologiczny-warszawa"],"_links":{"self":[{"href":"https:\/\/wegeblw.pl\/index.php\/wp-json\/wp\/v2\/product\/9488","targetHints":{"allow":["GET"]}}],"collection":[{"href":"https:\/\/wegeblw.pl\/index.php\/wp-json\/wp\/v2\/product"}],"about":[{"href":"https:\/\/wegeblw.pl\/index.php\/wp-json\/wp\/v2\/types\/product"}],"replies":[{"embeddable":true,"href":"https:\/\/wegeblw.pl\/index.php\/wp-json\/wp\/v2\/comments?post=9488"}],"wp:featuredmedia":[{"embeddable":true,"href":"https:\/\/wegeblw.pl\/index.php\/wp-json\/wp\/v2\/media\/9489"}],"wp:attachment":[{"href":"https:\/\/wegeblw.pl\/index.php\/wp-json\/wp\/v2\/media?parent=9488"}],"wp:term":[{"taxonomy":"product_cat","embeddable":true,"href":"https:\/\/wegeblw.pl\/index.php\/wp-json\/wp\/v2\/product_cat?post=9488"},{"taxonomy":"product_tag","embeddable":true,"href":"https:\/\/wegeblw.pl\/index.php\/wp-json\/wp\/v2\/product_tag?post=9488"}],"curies":[{"name":"wp","href":"https:\/\/api.w.org\/{rel}","templated":true}]}}