{"id":9502,"date":"2025-06-11T20:27:03","date_gmt":"2025-06-11T18:27:03","guid":{"rendered":"https:\/\/wegeblw.pl\/?post_type=product&#038;p=9502"},"modified":"2026-04-10T03:05:22","modified_gmt":"2026-04-10T01:05:22","slug":"icom-poland-pociag-elektryczny-ze-swiatlem-dzwiekiem-i-torami","status":"publish","type":"product","link":"https:\/\/wegeblw.pl\/index.php\/produkt\/icom-poland-pociag-elektryczny-ze-swiatlem-dzwiekiem-i-torami\/","title":{"rendered":"Icom Poland Poci\u0105g Elektryczny Ze \u015awiat\u0142em D\u017awi\u0119kiem I Torami"},"content":{"rendered":"<p>Suplementy na odchudzanie<\/p>\n<p>mleka ro\u015blinne, tortilla pszenna, babalski sklep, zepsuty ocet jab\u0142kowy, chrupki pizza, kostki roso\u0142owe bio<\/p>\n<p>yyyyy<\/p>\n","protected":false},"excerpt":{"rendered":"<p>Suplementy na odchudzanie mleka ro\u015blinne, tortilla pszenna, babalski sklep, zepsuty ocet jab\u0142kowy, chrupki pizza, kostki roso\u0142owe bio yyyyy<\/p>\n","protected":false},"featured_media":9503,"comment_status":"closed","ping_status":"open","template":"","meta":[],"product_cat":[587],"product_tag":[644,711,831,760,881],"class_list":["post-9502","product","type-product","status-publish","has-post-thumbnail","hentry","product_cat-kolejki","product_tag-co-zamiast-jogurtu-naturalnego","product_tag-pestki-granatu-wlasciwosci","product_tag-rozgryzanie-pestek-granatu","product_tag-skyr-bez-laktozy","product_tag-sok-z-brzozy-cena"],"_links":{"self":[{"href":"https:\/\/wegeblw.pl\/index.php\/wp-json\/wp\/v2\/product\/9502","targetHints":{"allow":["GET"]}}],"collection":[{"href":"https:\/\/wegeblw.pl\/index.php\/wp-json\/wp\/v2\/product"}],"about":[{"href":"https:\/\/wegeblw.pl\/index.php\/wp-json\/wp\/v2\/types\/product"}],"replies":[{"embeddable":true,"href":"https:\/\/wegeblw.pl\/index.php\/wp-json\/wp\/v2\/comments?post=9502"}],"wp:featuredmedia":[{"embeddable":true,"href":"https:\/\/wegeblw.pl\/index.php\/wp-json\/wp\/v2\/media\/9503"}],"wp:attachment":[{"href":"https:\/\/wegeblw.pl\/index.php\/wp-json\/wp\/v2\/media?parent=9502"}],"wp:term":[{"taxonomy":"product_cat","embeddable":true,"href":"https:\/\/wegeblw.pl\/index.php\/wp-json\/wp\/v2\/product_cat?post=9502"},{"taxonomy":"product_tag","embeddable":true,"href":"https:\/\/wegeblw.pl\/index.php\/wp-json\/wp\/v2\/product_tag?post=9502"}],"curies":[{"name":"wp","href":"https:\/\/api.w.org\/{rel}","templated":true}]}}