{"id":9512,"date":"2024-10-30T21:13:25","date_gmt":"2024-10-30T20:13:25","guid":{"rendered":"https:\/\/wegeblw.pl\/?post_type=product&#038;p=9512"},"modified":"2026-04-07T11:18:51","modified_gmt":"2026-04-07T09:18:51","slug":"inogen-one-g3-high-flow-koncentrator-tlenu","status":"publish","type":"product","link":"https:\/\/wegeblw.pl\/index.php\/produkt\/inogen-one-g3-high-flow-koncentrator-tlenu\/","title":{"rendered":"Inogen One G3 High Flow Koncentrator tlenu"},"content":{"rendered":"<p>Najwy\u017cszej jako\u015bci suplement zawieraj\u0105cy kwasy t\u0142uszczowe OMEGA 3 w odpowiednio du\u017cych dawkach OMEGA 3 1.000 mg &#8211; EPA 180 mg, DHA 120 mg z naturaln\u0105 witamin\u0105 E Produkt w 100% naturalny. 60 kapsu\u0142ek mi\u0119kkich W\u0142a\u015bciwo\u015bci: Kwasy OMEGA 3 to niezb\u0119dne kwasy t\u0142uszczowe, kt\u00f3re nie s\u0105 wytwarzane przez organizm, wi\u0119c musz\u0105 by\u0107 zawarte w diecie. Je\u015bli nie jesz du\u017co ryb, w twojej diecie mo\u017ce by\u0107 za ma\u0142o kwas\u00f3w OMEGA 3 &#8211; dlatego te\u017c zalecana jest suplementacja dobrej jako\u015bci oleju rybiego. Omega 3 przyczyniaj\u0105 si\u0119 do prawid\u0142owej pracy serca, normalizuj\u0105 i reguluj\u0105 poziom cholesterolu, przyczyniaj\u0105 si\u0119 do prawid\u0142owej pracy m\u00f3zgu i naczy\u0144 krwiono\u015bnych, wp\u0142ywaj\u0105 na kondycj\u0119 umys\u0142ow\u0105, zdolno\u015b\u0107 uczenia si\u0119, zapami\u0119tywania i koncentracji. Naturalny koncentrat oleju rybiego wytwarzany jest zgodnie ze \u015bcis\u0142ymi normami kontroli jako\u015bci. Nie zawiera potencjalnie szkodliwych poziom\u00f3w zanieczyszcze\u0144, takich jak PCB, dioksyny, rt\u0119\u0107 i inne metale ci\u0119\u017ckie. Olej rybi OMEGA 3 w kapsu\u0142kach mi\u0119kkich NAVIGATOR to a\u017c 1000 mg najlepszych kwas\u00f3w OMEGA 3 w ka\u017cdej porcji. Zawiera du\u017co niezb\u0119dnych kwas\u00f3w t\u0142uszczowych: kwasu eikozapentaenowego (EPA &#8211; 180 mg na kapsu\u0142k\u0119) i kwasu dokozaheksaenowego (DHA &#8211; 120 mg na kapsu\u0142k\u0119). Suplement diety nie zawiera soli magnezowych kwas\u00f3w t\u0142uszczowych, fosforan\u00f3w, dwutlenku tytanu, nie zawiera syntetycznych substancji pomocniczych, nie zawiera konserwant\u00f3w, nie zawiera aromat\u00f3w i nie zawiera barwnik\u00f3w, nie zawiera produkt\u00f3w GMO. Zalecana porcja do spo\u017cycia: 1 kapsu\u0142ka dziennie razem z posi\u0142kiem. Nie przekracza\u0107 zalecanej porcji do spo\u017cycia w ci\u0105gu dnia. Sk\u0142adniki: olej rybi zawieraj\u0105cy kwasy t\u0142uszczowe OMEGA 3 1.000 mg, witamina E naturalna 2 mg (d-alfa tokoferol), otoczka kapsu\u0142ki: \u017celatyna wo\u0142owa, glicerol. Sk\u0142adniki od\u017cywcze w 1 kapsu\u0142ce : OMEGA 3 1.000 mg (Kwas eikozapentaenowy EPA 180 mg, Kwas dokozaheksaenowy DHA 120 mg) nieokre\u015blona *RWS, witamina E naturalna 2 mg (d-alfa tokoferol) 17 % *RWS. *RWS &#8211; Referencyjna dzienna Warto\u015b\u0107 Spo\u017cycia dla os\u00f3b doros\u0142ych. Zawarto\u015b\u0107: Opakowanie zawiera 60 kapsu\u0142ek: 60 porcji dziennych. Spos\u00f3b przechowywania: Przechowywa\u0107 w ch\u0142odnym i suchym miejscu. Przechowywa\u0107 w miejscu niedost\u0119pnym dla ma\u0142ych dzieci.Uwaga: Nie stosowa\u0107 w przypadku nadwra\u017cliwo\u015bci na kt\u00f3rykolwiek ze sk\u0142adnik\u00f3w. Nie nale\u017cy przekracza\u0107 zalecanej dziennej porcji do spo\u017cycia. Przechowywa\u0107 w spos\u00f3b niedost\u0119pny dla ma\u0142ych dzieci. Suplement diety nie mo\u017ce by\u0107 stosowany jako substytut (zamiennik) zr\u00f3wnowa\u017conej diety.<\/p>\n<p>Minera\u0142y i witaminy<\/p>\n<p>pau d arco, m\u0105ka pszenna graham, liscie limonki, nalewka zio\u0142a szwedzkie, kandyzowana sk\u00f3rka z cytryny, co jesc na keto, herbata z lawendy, zapotrzebowanie kaloryczne dietetyk pro, naw\u00f3z organiczny do warzyw, przecier warzywny, orzechy cena, sos dip, happiness manga, sos toska\u0144ski<\/p>\n<p>yyyyy<\/p>\n","protected":false},"excerpt":{"rendered":"<p>Najwy\u017cszej jako\u015bci suplement zawieraj\u0105cy kwasy t\u0142uszczowe OMEGA 3 w odpowiednio du\u017cych dawkach OMEGA 3 1.000 mg &#8211; EPA 180 mg,&hellip;<\/p>\n","protected":false},"featured_media":9513,"comment_status":"closed","ping_status":"open","template":"","meta":[],"product_cat":[589],"product_tag":[688,737,820,866],"class_list":["post-9512","product","type-product","status-publish","has-post-thumbnail","hentry","product_cat-koncentratory-tlenu","product_tag-farma-roztocza","product_tag-jablka-jonaprince","product_tag-produkty-bez-laktozy-sklep","product_tag-siemie-lniane-do-picia"],"_links":{"self":[{"href":"https:\/\/wegeblw.pl\/index.php\/wp-json\/wp\/v2\/product\/9512","targetHints":{"allow":["GET"]}}],"collection":[{"href":"https:\/\/wegeblw.pl\/index.php\/wp-json\/wp\/v2\/product"}],"about":[{"href":"https:\/\/wegeblw.pl\/index.php\/wp-json\/wp\/v2\/types\/product"}],"replies":[{"embeddable":true,"href":"https:\/\/wegeblw.pl\/index.php\/wp-json\/wp\/v2\/comments?post=9512"}],"wp:featuredmedia":[{"embeddable":true,"href":"https:\/\/wegeblw.pl\/index.php\/wp-json\/wp\/v2\/media\/9513"}],"wp:attachment":[{"href":"https:\/\/wegeblw.pl\/index.php\/wp-json\/wp\/v2\/media?parent=9512"}],"wp:term":[{"taxonomy":"product_cat","embeddable":true,"href":"https:\/\/wegeblw.pl\/index.php\/wp-json\/wp\/v2\/product_cat?post=9512"},{"taxonomy":"product_tag","embeddable":true,"href":"https:\/\/wegeblw.pl\/index.php\/wp-json\/wp\/v2\/product_tag?post=9512"}],"curies":[{"name":"wp","href":"https:\/\/api.w.org\/{rel}","templated":true}]}}