{"id":9514,"date":"2020-06-12T08:20:42","date_gmt":"2020-06-12T06:20:42","guid":{"rendered":"https:\/\/wegeblw.pl\/index.php\/produkt\/the-marshall-mathers-lp-eminem-winyl\/"},"modified":"2026-04-08T05:48:22","modified_gmt":"2026-04-08T03:48:22","slug":"the-marshall-mathers-lp-eminem-winyl","status":"publish","type":"product","link":"https:\/\/wegeblw.pl\/index.php\/produkt\/the-marshall-mathers-lp-eminem-winyl\/","title":{"rendered":"The Marshall Mathers LP (Eminem) (Winyl)"},"content":{"rendered":"<p>Erytrol S\u0142odzik Sto\u0142owy na Bazie Erytrytolu\u00a0Erytrol to substancja s\u0142odz\u0105ca, kt\u00f3ra zast\u0119puje tradycyjny cukier. Erytrol wygl\u0105dem bardzo przypomina normalny cukier ale ma 0 kcal (tabela poni\u017cej), dzi\u0119ki erytrolowi mo\u017cesz zredukowa\u0107 kaloryczno\u015b\u0107 codziennych potraw czy napoj\u00f3w (np. kawy, herbaty). Doceniaj\u0105 to osoby szczeg\u00f3lnie dbaj\u0105ce o szczup\u0142\u0105 sylwetk\u0119 i b\u0119d\u0105ce na diecie.Zastosowanie erytrolu:W zwi\u0105zku z tym, \u017ce erytrytol jest prawie tak samo s\u0142odki jak tradycyjny cukier, z powodzeniem mo\u017ce by\u0107 dodawany do s\u0142odzenia: kawy, herbaty czy domowych wypiek\u00f3w, domowych przetwor\u00f3w, jak soki, d\u017cemy, galaretki. Erytrol mo\u017ce by\u0107 stosowany do gotowania, pieczenia lub s\u0142odzenia, redukuj\u0105c w ten spos\u00f3b kaloryczno\u015b\u0107 przygotowanych potraw.*RWS &#8211; Referencyjne Warto\u015bci Spo\u017cycia przeci\u0119tnej osoby doros\u0142ej (8400 kJ \/ 2000 kcal)Opakowanie 1000 g zawiera 100 sugerowanych porcji.Przechowywa\u0107 w suchym i ch\u0142odnym miejscu.Erytrol\u00a00 kcal (dobry zamiennik cukru)<\/p>\n<p>Cukier i s\u0142odziki<\/p>\n<p>\u015bmietanka kokosowa, \u0142uska babka jajowata, supreme saszetka, grotk\u00f3w, olejek mentolowy, glony morskie, kapsu\u0142ki z wiesio\u0142ka, suszone owoce morwy bia\u0142ej, agnex, prebiotyk co to, ostrovit bialko, 4us, sok z drzew<\/p>\n<p>yyyyy<\/p>\n","protected":false},"excerpt":{"rendered":"<p>Erytrol S\u0142odzik Sto\u0142owy na Bazie Erytrytolu\u00a0Erytrol to substancja s\u0142odz\u0105ca, kt\u00f3ra zast\u0119puje tradycyjny cukier. Erytrol wygl\u0105dem bardzo przypomina normalny cukier ale&hellip;<\/p>\n","protected":false},"featured_media":9515,"comment_status":"closed","ping_status":"open","template":"","meta":[],"product_cat":[590],"product_tag":[751,636,661,833,707],"class_list":["post-9514","product","type-product","status-publish","has-post-thumbnail","hentry","product_cat-plyty-winylowe","product_tag-24-organic","product_tag-farma-zdrowia","product_tag-jak-ugotowac-komose-ryzowa","product_tag-maka-orkiszowa","product_tag-wege-mieso"],"_links":{"self":[{"href":"https:\/\/wegeblw.pl\/index.php\/wp-json\/wp\/v2\/product\/9514","targetHints":{"allow":["GET"]}}],"collection":[{"href":"https:\/\/wegeblw.pl\/index.php\/wp-json\/wp\/v2\/product"}],"about":[{"href":"https:\/\/wegeblw.pl\/index.php\/wp-json\/wp\/v2\/types\/product"}],"replies":[{"embeddable":true,"href":"https:\/\/wegeblw.pl\/index.php\/wp-json\/wp\/v2\/comments?post=9514"}],"wp:featuredmedia":[{"embeddable":true,"href":"https:\/\/wegeblw.pl\/index.php\/wp-json\/wp\/v2\/media\/9515"}],"wp:attachment":[{"href":"https:\/\/wegeblw.pl\/index.php\/wp-json\/wp\/v2\/media?parent=9514"}],"wp:term":[{"taxonomy":"product_cat","embeddable":true,"href":"https:\/\/wegeblw.pl\/index.php\/wp-json\/wp\/v2\/product_cat?post=9514"},{"taxonomy":"product_tag","embeddable":true,"href":"https:\/\/wegeblw.pl\/index.php\/wp-json\/wp\/v2\/product_tag?post=9514"}],"curies":[{"name":"wp","href":"https:\/\/api.w.org\/{rel}","templated":true}]}}