{"id":9522,"date":"2015-11-02T03:04:10","date_gmt":"2015-11-02T02:04:10","guid":{"rendered":"https:\/\/wegeblw.pl\/index.php\/produkt\/noble-pharma-melissa-night-500mg-20-ampulek\/"},"modified":"2026-04-08T19:23:02","modified_gmt":"2026-04-08T17:23:02","slug":"noble-pharma-melissa-night-500mg-20-ampulek","status":"publish","type":"product","link":"https:\/\/wegeblw.pl\/index.php\/produkt\/noble-pharma-melissa-night-500mg-20-ampulek\/","title":{"rendered":"Noble Pharma Melissa Night 500mg 20 ampu\u0142ek"},"content":{"rendered":"<p>Oprawy okularowe Burberry<\/p>\n<p>Okulary oprawki i szk\u0142a<\/p>\n<p>syrop daktylowy indeks glikemiczny, czy mak jest zdrowy, ghee, kalendarze adwentowe s\u0142odycze<\/p>\n<p><a href=\"https:\/\/kamieniarski.net\/uslugi-kamieniarskie-bydgoszcz\/\">zak\u0142ad kamieniarski bydgoszcz<\/a><\/p>\n","protected":false},"excerpt":{"rendered":"<p>Oprawy okularowe Burberry Okulary oprawki i szk\u0142a syrop daktylowy indeks glikemiczny, czy mak jest zdrowy, ghee, kalendarze adwentowe s\u0142odycze zak\u0142ad&hellip;<\/p>\n","protected":false},"featured_media":9523,"comment_status":"closed","ping_status":"open","template":"","meta":[],"product_cat":[23],"product_tag":[844,705,728],"class_list":["post-9522","product","type-product","status-publish","has-post-thumbnail","hentry","product_cat-uklad-nerwowy-i-pamiec","product_tag-eko-mieso","product_tag-guma-guar-szkodliwosc","product_tag-roslinne-mieso"],"_links":{"self":[{"href":"https:\/\/wegeblw.pl\/index.php\/wp-json\/wp\/v2\/product\/9522","targetHints":{"allow":["GET"]}}],"collection":[{"href":"https:\/\/wegeblw.pl\/index.php\/wp-json\/wp\/v2\/product"}],"about":[{"href":"https:\/\/wegeblw.pl\/index.php\/wp-json\/wp\/v2\/types\/product"}],"replies":[{"embeddable":true,"href":"https:\/\/wegeblw.pl\/index.php\/wp-json\/wp\/v2\/comments?post=9522"}],"wp:featuredmedia":[{"embeddable":true,"href":"https:\/\/wegeblw.pl\/index.php\/wp-json\/wp\/v2\/media\/9523"}],"wp:attachment":[{"href":"https:\/\/wegeblw.pl\/index.php\/wp-json\/wp\/v2\/media?parent=9522"}],"wp:term":[{"taxonomy":"product_cat","embeddable":true,"href":"https:\/\/wegeblw.pl\/index.php\/wp-json\/wp\/v2\/product_cat?post=9522"},{"taxonomy":"product_tag","embeddable":true,"href":"https:\/\/wegeblw.pl\/index.php\/wp-json\/wp\/v2\/product_tag?post=9522"}],"curies":[{"name":"wp","href":"https:\/\/api.w.org\/{rel}","templated":true}]}}