{"id":9536,"date":"2021-09-30T02:26:20","date_gmt":"2021-09-30T00:26:20","guid":{"rendered":"https:\/\/wegeblw.pl\/index.php\/produkt\/skin-treats-maska-w-plachcie-superfoods-kiwi-20ml\/"},"modified":"2026-04-08T22:38:42","modified_gmt":"2026-04-08T20:38:42","slug":"skin-treats-maska-w-plachcie-superfoods-kiwi-20ml","status":"publish","type":"product","link":"https:\/\/wegeblw.pl\/index.php\/produkt\/skin-treats-maska-w-plachcie-superfoods-kiwi-20ml\/","title":{"rendered":"Skin Treats Maska w p\u0142achcie Superfoods Kiwi 20ml"},"content":{"rendered":"<p>Oprawy okularowe Rodenstock<\/p>\n<p>Okulary oprawki i szk\u0142a<\/p>\n<p>k\u0142odawska, olej rycynowy na brwi efekty, trzcinowy cukier, eliza m\u00f3rawska<\/p>\n<p>yyyyy<\/p>\n","protected":false},"excerpt":{"rendered":"<p>Oprawy okularowe Rodenstock Okulary oprawki i szk\u0142a k\u0142odawska, olej rycynowy na brwi efekty, trzcinowy cukier, eliza m\u00f3rawska yyyyy<\/p>\n","protected":false},"featured_media":9537,"comment_status":"closed","ping_status":"open","template":"","meta":[],"product_cat":[38],"product_tag":[778,746,862,786],"class_list":["post-9536","product","type-product","status-publish","has-post-thumbnail","hentry","product_cat-maseczki","product_tag-burak","product_tag-majonez-byodo","product_tag-pestki-granata","product_tag-soczewicy"],"_links":{"self":[{"href":"https:\/\/wegeblw.pl\/index.php\/wp-json\/wp\/v2\/product\/9536","targetHints":{"allow":["GET"]}}],"collection":[{"href":"https:\/\/wegeblw.pl\/index.php\/wp-json\/wp\/v2\/product"}],"about":[{"href":"https:\/\/wegeblw.pl\/index.php\/wp-json\/wp\/v2\/types\/product"}],"replies":[{"embeddable":true,"href":"https:\/\/wegeblw.pl\/index.php\/wp-json\/wp\/v2\/comments?post=9536"}],"wp:featuredmedia":[{"embeddable":true,"href":"https:\/\/wegeblw.pl\/index.php\/wp-json\/wp\/v2\/media\/9537"}],"wp:attachment":[{"href":"https:\/\/wegeblw.pl\/index.php\/wp-json\/wp\/v2\/media?parent=9536"}],"wp:term":[{"taxonomy":"product_cat","embeddable":true,"href":"https:\/\/wegeblw.pl\/index.php\/wp-json\/wp\/v2\/product_cat?post=9536"},{"taxonomy":"product_tag","embeddable":true,"href":"https:\/\/wegeblw.pl\/index.php\/wp-json\/wp\/v2\/product_tag?post=9536"}],"curies":[{"name":"wp","href":"https:\/\/api.w.org\/{rel}","templated":true}]}}