{"id":9550,"date":"2021-08-05T03:53:58","date_gmt":"2021-08-05T01:53:58","guid":{"rendered":"https:\/\/wegeblw.pl\/index.php\/produkt\/lubiana-ameryka-czarka-degustacyjna-na-przystawki-100-ml-porcelana\/"},"modified":"2026-04-09T02:32:40","modified_gmt":"2026-04-09T00:32:40","slug":"lubiana-ameryka-czarka-degustacyjna-na-przystawki-100-ml-porcelana","status":"publish","type":"product","link":"https:\/\/wegeblw.pl\/index.php\/produkt\/lubiana-ameryka-czarka-degustacyjna-na-przystawki-100-ml-porcelana\/","title":{"rendered":"Lubiana Ameryka Czarka Degustacyjna Na Przystawki 100 Ml Porcelana"},"content":{"rendered":"<p>SVR Topialyse Baume Protect +  regeneruj\u0105cy balsam do sk\u00f3ry suchej i atopowej<\/p>\n<p>Kosmetyki dla dzieci i niemowl\u0105t<\/p>\n<p>ciasteczka kokosowe, kulki miodowe, zapalenie pecherza leczenie, jogurt sojowy, bu\u0142ki bezglutenowe<\/p>\n<p>yyyyy<\/p>\n","protected":false},"excerpt":{"rendered":"<p>SVR Topialyse Baume Protect + regeneruj\u0105cy balsam do sk\u00f3ry suchej i atopowej Kosmetyki dla dzieci i niemowl\u0105t ciasteczka kokosowe, kulki&hellip;<\/p>\n","protected":false},"featured_media":9551,"comment_status":"closed","ping_status":"open","template":"","meta":[],"product_cat":[597],"product_tag":[719,648,867,646,699,674],"class_list":["post-9550","product","type-product","status-publish","has-post-thumbnail","hentry","product_cat-salaterki","product_tag-jaja-ekologiczne","product_tag-maki-ekologiczne","product_tag-siemie-lniane-blonnik","product_tag-slodycze-weganskie","product_tag-sok-z-cytryn","product_tag-warzywa-eko"],"_links":{"self":[{"href":"https:\/\/wegeblw.pl\/index.php\/wp-json\/wp\/v2\/product\/9550","targetHints":{"allow":["GET"]}}],"collection":[{"href":"https:\/\/wegeblw.pl\/index.php\/wp-json\/wp\/v2\/product"}],"about":[{"href":"https:\/\/wegeblw.pl\/index.php\/wp-json\/wp\/v2\/types\/product"}],"replies":[{"embeddable":true,"href":"https:\/\/wegeblw.pl\/index.php\/wp-json\/wp\/v2\/comments?post=9550"}],"wp:featuredmedia":[{"embeddable":true,"href":"https:\/\/wegeblw.pl\/index.php\/wp-json\/wp\/v2\/media\/9551"}],"wp:attachment":[{"href":"https:\/\/wegeblw.pl\/index.php\/wp-json\/wp\/v2\/media?parent=9550"}],"wp:term":[{"taxonomy":"product_cat","embeddable":true,"href":"https:\/\/wegeblw.pl\/index.php\/wp-json\/wp\/v2\/product_cat?post=9550"},{"taxonomy":"product_tag","embeddable":true,"href":"https:\/\/wegeblw.pl\/index.php\/wp-json\/wp\/v2\/product_tag?post=9550"}],"curies":[{"name":"wp","href":"https:\/\/api.w.org\/{rel}","templated":true}]}}