{"id":9562,"date":"2021-04-18T11:57:17","date_gmt":"2021-04-18T09:57:17","guid":{"rendered":"https:\/\/wegeblw.pl\/index.php\/produkt\/fisher-price-tomek-i-przyjaciele-trackmaster-filmowe-lokomotywki-z-napedem-tomek-ania-i-klara-bmk93-ghk82\/"},"modified":"2026-04-07T11:38:27","modified_gmt":"2026-04-07T09:38:27","slug":"fisher-price-tomek-i-przyjaciele-trackmaster-filmowe-lokomotywki-z-napedem-tomek-ania-i-klara-bmk93-ghk82","status":"publish","type":"product","link":"https:\/\/wegeblw.pl\/index.php\/produkt\/fisher-price-tomek-i-przyjaciele-trackmaster-filmowe-lokomotywki-z-napedem-tomek-ania-i-klara-bmk93-ghk82\/","title":{"rendered":"Fisher-Price Tomek i Przyjaciele TrackMaster Filmowe lokomotywki z nap\u0119dem Tomek, Ania i Klara BMK93\/GHK82"},"content":{"rendered":"<p>Literatura sensacyjna i grozy<\/p>\n<p>chlebowy do picia, barszcz z butelki, sza\u0142wia na b\u00f3l brzucha, mucha w uchu, herbata zielona z mi\u0119t\u0105, przyprawa do ryb, dieta przyk\u0142adowa, makaron duze muszle, pomys\u0142 na makaron ry\u017cowy, czym zast\u0105pi\u0107 skrobi\u0119 ziemniaczan\u0105<\/p>\n<p><a href=\"https:\/\/programdiety.pl\/\/wiedza\/przykladowy-jadlospis-diety-bezmlecznej,412\" rel=\"nofollow\">dieta bez nabia\u0142u<\/a><\/p>\n","protected":false},"excerpt":{"rendered":"<p>Literatura sensacyjna i grozy chlebowy do picia, barszcz z butelki, sza\u0142wia na b\u00f3l brzucha, mucha w uchu, herbata zielona z&hellip;<\/p>\n","protected":false},"featured_media":9563,"comment_status":"closed","ping_status":"open","template":"","meta":[],"product_cat":[587],"product_tag":[734,800,815],"class_list":["post-9562","product","type-product","status-publish","has-post-thumbnail","hentry","product_cat-kolejki","product_tag-derma-sklep","product_tag-isolabio","product_tag-margaryny-bez-oleju-palmowego"],"_links":{"self":[{"href":"https:\/\/wegeblw.pl\/index.php\/wp-json\/wp\/v2\/product\/9562","targetHints":{"allow":["GET"]}}],"collection":[{"href":"https:\/\/wegeblw.pl\/index.php\/wp-json\/wp\/v2\/product"}],"about":[{"href":"https:\/\/wegeblw.pl\/index.php\/wp-json\/wp\/v2\/types\/product"}],"replies":[{"embeddable":true,"href":"https:\/\/wegeblw.pl\/index.php\/wp-json\/wp\/v2\/comments?post=9562"}],"wp:featuredmedia":[{"embeddable":true,"href":"https:\/\/wegeblw.pl\/index.php\/wp-json\/wp\/v2\/media\/9563"}],"wp:attachment":[{"href":"https:\/\/wegeblw.pl\/index.php\/wp-json\/wp\/v2\/media?parent=9562"}],"wp:term":[{"taxonomy":"product_cat","embeddable":true,"href":"https:\/\/wegeblw.pl\/index.php\/wp-json\/wp\/v2\/product_cat?post=9562"},{"taxonomy":"product_tag","embeddable":true,"href":"https:\/\/wegeblw.pl\/index.php\/wp-json\/wp\/v2\/product_tag?post=9562"}],"curies":[{"name":"wp","href":"https:\/\/api.w.org\/{rel}","templated":true}]}}