{"id":9584,"date":"2022-07-24T07:06:02","date_gmt":"2022-07-24T05:06:02","guid":{"rendered":"https:\/\/wegeblw.pl\/index.php\/produkt\/fisher-price-linkimals-interaktywny-bobr-gxd82\/"},"modified":"2026-04-10T09:51:07","modified_gmt":"2026-04-10T07:51:07","slug":"fisher-price-linkimals-interaktywny-bobr-gxd82","status":"publish","type":"product","link":"https:\/\/wegeblw.pl\/index.php\/produkt\/fisher-price-linkimals-interaktywny-bobr-gxd82\/","title":{"rendered":"Fisher-Price Linkimals Interaktywny B\u00f3br GXD82"},"content":{"rendered":"<p>Literatura sensacyjna i grozy<\/p>\n<p>chlebowy do picia, barszcz z butelki, sza\u0142wia na b\u00f3l brzucha, mucha w uchu, herbata zielona z mi\u0119t\u0105, przyprawa do ryb, dieta przyk\u0142adowa, makaron duze muszle, pomys\u0142 na makaron ry\u017cowy, czym zast\u0105pi\u0107 skrobi\u0119 ziemniaczan\u0105<\/p>\n<p>yyyyy<\/p>\n","protected":false},"excerpt":{"rendered":"<p>Literatura sensacyjna i grozy chlebowy do picia, barszcz z butelki, sza\u0142wia na b\u00f3l brzucha, mucha w uchu, herbata zielona z&hellip;<\/p>\n","protected":false},"featured_media":9585,"comment_status":"closed","ping_status":"open","template":"","meta":[],"product_cat":[601],"product_tag":[812,747,775,739,731,813],"class_list":["post-9584","product","type-product","status-publish","has-post-thumbnail","hentry","product_cat-zabawki-edukacyjne-dla-niemowlat","product_tag-bigos-wegetarianski-z-soczewica","product_tag-guma-guar-co-to","product_tag-kwasna-smietana","product_tag-makaron-sojowy-indeks-glikemiczny","product_tag-margaryna-bez-oleju-palmowego","product_tag-tortilla"],"_links":{"self":[{"href":"https:\/\/wegeblw.pl\/index.php\/wp-json\/wp\/v2\/product\/9584","targetHints":{"allow":["GET"]}}],"collection":[{"href":"https:\/\/wegeblw.pl\/index.php\/wp-json\/wp\/v2\/product"}],"about":[{"href":"https:\/\/wegeblw.pl\/index.php\/wp-json\/wp\/v2\/types\/product"}],"replies":[{"embeddable":true,"href":"https:\/\/wegeblw.pl\/index.php\/wp-json\/wp\/v2\/comments?post=9584"}],"wp:featuredmedia":[{"embeddable":true,"href":"https:\/\/wegeblw.pl\/index.php\/wp-json\/wp\/v2\/media\/9585"}],"wp:attachment":[{"href":"https:\/\/wegeblw.pl\/index.php\/wp-json\/wp\/v2\/media?parent=9584"}],"wp:term":[{"taxonomy":"product_cat","embeddable":true,"href":"https:\/\/wegeblw.pl\/index.php\/wp-json\/wp\/v2\/product_cat?post=9584"},{"taxonomy":"product_tag","embeddable":true,"href":"https:\/\/wegeblw.pl\/index.php\/wp-json\/wp\/v2\/product_tag?post=9584"}],"curies":[{"name":"wp","href":"https:\/\/api.w.org\/{rel}","templated":true}]}}