{"id":9614,"date":"2013-03-09T17:03:49","date_gmt":"2013-03-09T16:03:49","guid":{"rendered":"https:\/\/wegeblw.pl\/index.php\/produkt\/taurus-maszynka-do-kanapek-mysandwich-800w-bialy-s0427352\/"},"modified":"2026-04-07T06:45:45","modified_gmt":"2026-04-07T04:45:45","slug":"taurus-maszynka-do-kanapek-mysandwich-800w-bialy-s0427352","status":"publish","type":"product","link":"https:\/\/wegeblw.pl\/index.php\/produkt\/taurus-maszynka-do-kanapek-mysandwich-800w-bialy-s0427352\/","title":{"rendered":"Taurus Maszynka Do Kanapek Mysandwich 800W Bia\u0142y (S0427352)"},"content":{"rendered":"<p>Okulary S\u0142oneczne Burberry<\/p>\n<p>Okulary przeciws\u0142oneczne damskie<\/p>\n<p>tapoka, czosnek nied\u017awiedzi kiedy ro\u015bnie, placki dla cukrzyk\u00f3w, fasola mung cena, platki musli, kaczka polska, hunan, imbir na kaszel<\/p>\n<p>yyyyy<\/p>\n","protected":false},"excerpt":{"rendered":"<p>Okulary S\u0142oneczne Burberry Okulary przeciws\u0142oneczne damskie tapoka, czosnek nied\u017awiedzi kiedy ro\u015bnie, placki dla cukrzyk\u00f3w, fasola mung cena, platki musli, kaczka&hellip;<\/p>\n","protected":false},"featured_media":9615,"comment_status":"closed","ping_status":"open","template":"","meta":[],"product_cat":[607],"product_tag":[844,815,702,846,884],"class_list":["post-9614","product","type-product","status-publish","has-post-thumbnail","hentry","product_cat-wypiekacze-do-chleba","product_tag-eko-mieso","product_tag-margaryny-bez-oleju-palmowego","product_tag-przepis-na-sekacz","product_tag-sekacz","product_tag-zestaw-do-matchy"],"_links":{"self":[{"href":"https:\/\/wegeblw.pl\/index.php\/wp-json\/wp\/v2\/product\/9614","targetHints":{"allow":["GET"]}}],"collection":[{"href":"https:\/\/wegeblw.pl\/index.php\/wp-json\/wp\/v2\/product"}],"about":[{"href":"https:\/\/wegeblw.pl\/index.php\/wp-json\/wp\/v2\/types\/product"}],"replies":[{"embeddable":true,"href":"https:\/\/wegeblw.pl\/index.php\/wp-json\/wp\/v2\/comments?post=9614"}],"wp:featuredmedia":[{"embeddable":true,"href":"https:\/\/wegeblw.pl\/index.php\/wp-json\/wp\/v2\/media\/9615"}],"wp:attachment":[{"href":"https:\/\/wegeblw.pl\/index.php\/wp-json\/wp\/v2\/media?parent=9614"}],"wp:term":[{"taxonomy":"product_cat","embeddable":true,"href":"https:\/\/wegeblw.pl\/index.php\/wp-json\/wp\/v2\/product_cat?post=9614"},{"taxonomy":"product_tag","embeddable":true,"href":"https:\/\/wegeblw.pl\/index.php\/wp-json\/wp\/v2\/product_tag?post=9614"}],"curies":[{"name":"wp","href":"https:\/\/api.w.org\/{rel}","templated":true}]}}