{"id":9630,"date":"2025-07-24T19:43:51","date_gmt":"2025-07-24T17:43:51","guid":{"rendered":"https:\/\/wegeblw.pl\/?post_type=product&#038;p=9630"},"modified":"2026-04-10T09:36:25","modified_gmt":"2026-04-10T07:36:25","slug":"unold-backmeister-big-white-68520","status":"publish","type":"product","link":"https:\/\/wegeblw.pl\/index.php\/produkt\/unold-backmeister-big-white-68520\/","title":{"rendered":"UNOLD BACKMEISTER BIG WHITE 68520"},"content":{"rendered":"<p>Okulary S\u0142oneczne Burberry<\/p>\n<p>Okulary przeciws\u0142oneczne damskie<\/p>\n<p>tapoka, czosnek nied\u017awiedzi kiedy ro\u015bnie, placki dla cukrzyk\u00f3w, fasola mung cena, platki musli, kaczka polska, hunan, imbir na kaszel<\/p>\n<p>yyyyy<\/p>\n","protected":false},"excerpt":{"rendered":"<p>Okulary S\u0142oneczne Burberry Okulary przeciws\u0142oneczne damskie tapoka, czosnek nied\u017awiedzi kiedy ro\u015bnie, placki dla cukrzyk\u00f3w, fasola mung cena, platki musli, kaczka&hellip;<\/p>\n","protected":false},"featured_media":9631,"comment_status":"closed","ping_status":"open","template":"","meta":[],"product_cat":[607],"product_tag":[652,692,684,830],"class_list":["post-9630","product","type-product","status-publish","has-post-thumbnail","hentry","product_cat-wypiekacze-do-chleba","product_tag-farmy-roztocza","product_tag-jelito-drazliwe","product_tag-kurkuma-korzen","product_tag-organic-24"],"_links":{"self":[{"href":"https:\/\/wegeblw.pl\/index.php\/wp-json\/wp\/v2\/product\/9630","targetHints":{"allow":["GET"]}}],"collection":[{"href":"https:\/\/wegeblw.pl\/index.php\/wp-json\/wp\/v2\/product"}],"about":[{"href":"https:\/\/wegeblw.pl\/index.php\/wp-json\/wp\/v2\/types\/product"}],"replies":[{"embeddable":true,"href":"https:\/\/wegeblw.pl\/index.php\/wp-json\/wp\/v2\/comments?post=9630"}],"wp:featuredmedia":[{"embeddable":true,"href":"https:\/\/wegeblw.pl\/index.php\/wp-json\/wp\/v2\/media\/9631"}],"wp:attachment":[{"href":"https:\/\/wegeblw.pl\/index.php\/wp-json\/wp\/v2\/media?parent=9630"}],"wp:term":[{"taxonomy":"product_cat","embeddable":true,"href":"https:\/\/wegeblw.pl\/index.php\/wp-json\/wp\/v2\/product_cat?post=9630"},{"taxonomy":"product_tag","embeddable":true,"href":"https:\/\/wegeblw.pl\/index.php\/wp-json\/wp\/v2\/product_tag?post=9630"}],"curies":[{"name":"wp","href":"https:\/\/api.w.org\/{rel}","templated":true}]}}