{"id":9654,"date":"2016-01-12T11:31:27","date_gmt":"2016-01-12T10:31:27","guid":{"rendered":"https:\/\/wegeblw.pl\/index.php\/produkt\/kolo-clarissa-170x105-xwa0870000\/"},"modified":"2026-04-08T22:39:39","modified_gmt":"2026-04-08T20:39:39","slug":"kolo-clarissa-170x105-xwa0870000","status":"publish","type":"product","link":"https:\/\/wegeblw.pl\/index.php\/produkt\/kolo-clarissa-170x105-xwa0870000\/","title":{"rendered":"Ko\u0142o Clarissa 170&#215;105 XWA0870000"},"content":{"rendered":"<p>Poznaj praktyki zen, kt\u00f3re pozwol\u0105 pozby\u0107 si\u0119 towarzysz\u0105cych ci na co dzie\u0144 l\u0119k\u00f3w i obaw. Oto 38 praktycznych lekcji, kt\u00f3re pozwol\u0105 ci cieszy\u0107 si\u0119 bardziej odpr\u0119\u017con\u0105 i pozytywn\u0105 wersj\u0105 siebie!Shunmyo Masuno \u2013 buddyjski mnich i autor bestsellerowego poradnika Sztuka prostego \u017cycia \u2013 powraca z kolejn\u0105 dawk\u0105 nauk czerpi\u0105cych z wielowiekowej tradycji zen.Tym razem udowadnia, \u017ce wi\u0119kszo\u015b\u0107 naszych zmartwie\u0144, to w rzeczywisto\u015bci urojenia, przypuszczenia, b\u0142\u0119dne wra\u017cenia i wyimaginowane l\u0119ki! Daje te\u017c praktyczne wskaz\u00f3wki, jak sobie z nimi radzi\u0107.Przesta\u0144 por\u00f3wnywa\u0107 si\u0119 z innymi, a zniknie 90% twoich problem\u00f3w.Pozb\u0105d\u017a si\u0119 niepotrzebnych rzeczy.Zauwa\u017caj pozytywy ka\u017cdej sytuacji.Przesta\u0144 ch\u0142on\u0105\u0107 zbyt wiele informacji.Przesta\u0107 konkurowa\u0107 z innymi.Dzia\u0142aj zamiast si\u0119 martwi\u0107 \u2013 sprawy zaczn\u0105 uk\u0142ada\u0107 si\u0119 lepiej.Pod\u0105\u017caj\u0105c za tymi naukami i bior\u0105c sobie do serca g\u0142\u0119boki sens zengo, czyli zenistycznych powiedze\u0144, cytowanych w ksi\u0105\u017cce, nauczysz si\u0119, jak uwolni\u0107 si\u0119 od niepotrzebnych trosk i uspokoi\u0107 sw\u00f3j umys\u0142.<\/p>\n<p>Poradniki psychologiczne<\/p>\n<p>celiakia co to jest, aksamitna sk\u00f3ra, \u017cywica w p\u0142ynie, syrop klonowy dino, kasza gryczana cena, brahmi himalaya, fasolka szparagowa \u017c\u00f3\u0142ta, echinacea herbata, k\u0142\u0105cze rdestowca japo\u0144skiego, ser twar\u00f3g, vit b12, myd\u0142o w proszku<\/p>\n<p>yyyyy<\/p>\n","protected":false},"excerpt":{"rendered":"<p>Poznaj praktyki zen, kt\u00f3re pozwol\u0105 pozby\u0107 si\u0119 towarzysz\u0105cych ci na co dzie\u0144 l\u0119k\u00f3w i obaw. Oto 38 praktycznych lekcji, kt\u00f3re&hellip;<\/p>\n","protected":false},"featured_media":9655,"comment_status":"closed","ping_status":"open","template":"","meta":[],"product_cat":[613],"product_tag":[730,694,769,851],"class_list":["post-9654","product","type-product","status-publish","has-post-thumbnail","hentry","product_cat-wanny","product_tag-jogody","product_tag-makaron-0kcal","product_tag-mieso-mielone-wege","product_tag-warzywa-online"],"_links":{"self":[{"href":"https:\/\/wegeblw.pl\/index.php\/wp-json\/wp\/v2\/product\/9654","targetHints":{"allow":["GET"]}}],"collection":[{"href":"https:\/\/wegeblw.pl\/index.php\/wp-json\/wp\/v2\/product"}],"about":[{"href":"https:\/\/wegeblw.pl\/index.php\/wp-json\/wp\/v2\/types\/product"}],"replies":[{"embeddable":true,"href":"https:\/\/wegeblw.pl\/index.php\/wp-json\/wp\/v2\/comments?post=9654"}],"wp:featuredmedia":[{"embeddable":true,"href":"https:\/\/wegeblw.pl\/index.php\/wp-json\/wp\/v2\/media\/9655"}],"wp:attachment":[{"href":"https:\/\/wegeblw.pl\/index.php\/wp-json\/wp\/v2\/media?parent=9654"}],"wp:term":[{"taxonomy":"product_cat","embeddable":true,"href":"https:\/\/wegeblw.pl\/index.php\/wp-json\/wp\/v2\/product_cat?post=9654"},{"taxonomy":"product_tag","embeddable":true,"href":"https:\/\/wegeblw.pl\/index.php\/wp-json\/wp\/v2\/product_tag?post=9654"}],"curies":[{"name":"wp","href":"https:\/\/api.w.org\/{rel}","templated":true}]}}