{"id":9666,"date":"2021-11-08T14:09:07","date_gmt":"2021-11-08T13:09:07","guid":{"rendered":"https:\/\/wegeblw.pl\/index.php\/produkt\/tubadzin-grand-cave-graphite-str-598x598\/"},"modified":"2026-04-07T03:12:13","modified_gmt":"2026-04-07T01:12:13","slug":"tubadzin-grand-cave-graphite-str-598x598","status":"publish","type":"product","link":"https:\/\/wegeblw.pl\/index.php\/produkt\/tubadzin-grand-cave-graphite-str-598x598\/","title":{"rendered":"Tub\u0105dzin Grand Cave Graphite Str 59,8X59,8"},"content":{"rendered":"<p>Jemio\u0142a to zielony kulisty, paso\u017cytniczy krzew, kt\u00f3ry ro\u015bnie na konarach i pniach drzew. Tradycyjnie kojarzy si\u0119 z wieszan\u0105 pod sufitem ozdob\u0105 \u015bwi\u0105teczn\u0105, pod kt\u00f3r\u0105 trzeba si\u0119 poca\u0142owa\u0107, natomiast warto te\u017c pozna\u0107 i wykorzysta\u0107 lecznicze w\u0142a\u015bciwo\u015bci jemio\u0142y pospolitej. Od najdawniejszych czas\u00f3w uwa\u017cana by\u0142a za ro\u015blin\u0119 wyj\u0105tkow\u0105 i wykorzystywano j\u0105 przy wielu dolegliwo\u015bciach. Obecnie stosuje si\u0119 j\u0105 g\u0142\u00f3wnie w profilaktyce i leczeniu chor\u00f3b uk\u0142adu kr\u0105\u017cenia. Jemio\u0142a pospolita: &#8211; wspomaga uk\u0142adu kr\u0105\u017cenia ( obni\u017caj\u0105c ci\u015bnienie) &#8211; pomaga utrzyma\u0107 prawid\u0142owe st\u0119\u017cenie cholesterolu we krwi &#8211; wspomaga \u0142agodzi\u0107 b\u00f3le zapalne &#8211; wspiera uk\u0142ad odporno\u015bciowy Spos\u00f3b przygotowania: 1 \u0142y\u017ceczk\u0119 zi\u00f3\u0142 zala\u0107 szklank\u0105 gor\u0105cej wody. Parzy\u0107 pod przykryciem 5-10 min. Warunki przechowywania: przechowywa\u0107 w suchym i ch\u0142odnym miejscu. Kraj pochodzenia \u2013 Polska. Sk\u0142adniki: Ekologiczne ziele jemio\u0142y (Viscum L.) 100%. Jemio\u0142a 100g EcoBlik Herbatka Zio\u0142owa Producent: Medicaline Konrad Malitka, Ostr\u00f3wiec 150, 05-480 Karczew index: MC304<\/p>\n<p>Zio\u0142a i herbaty lecznicze<\/p>\n<p>czy \u015bmietana jest zdrowa, pasta tahini do czego przepisy, zupka tajska, syrop klonowy bio, shot witaminowy, pasta sezamowa biedronka, golden seal root, cukier stewia, tabletki wspomagaj\u0105ce odchudzanie, p\u0142atki bezglutenowe, baton spoko, bakterie w moczu leczenie domowe, s\u00f3l, czy pistacja to orzech, bioflawonoidy witamina c, czy mozna, nalesniki na kolacje, jak za\u017cywa\u0107 olej z czarnuszki, sklep warzywny, bu\u0142ka kajzerka<\/p>\n<p>yyyyy<\/p>\n","protected":false},"excerpt":{"rendered":"<p>Jemio\u0142a to zielony kulisty, paso\u017cytniczy krzew, kt\u00f3ry ro\u015bnie na konarach i pniach drzew. Tradycyjnie kojarzy si\u0119 z wieszan\u0105 pod sufitem&hellip;<\/p>\n","protected":false},"featured_media":9667,"comment_status":"closed","ping_status":"open","template":"","meta":[],"product_cat":[616],"product_tag":[710,875,881,630],"class_list":["post-9666","product","type-product","status-publish","has-post-thumbnail","hentry","product_cat-plytki","product_tag-linda-mccartney-burger","product_tag-miechunka-suszona","product_tag-sok-z-brzozy-cena","product_tag-vege-slodycze"],"_links":{"self":[{"href":"https:\/\/wegeblw.pl\/index.php\/wp-json\/wp\/v2\/product\/9666","targetHints":{"allow":["GET"]}}],"collection":[{"href":"https:\/\/wegeblw.pl\/index.php\/wp-json\/wp\/v2\/product"}],"about":[{"href":"https:\/\/wegeblw.pl\/index.php\/wp-json\/wp\/v2\/types\/product"}],"replies":[{"embeddable":true,"href":"https:\/\/wegeblw.pl\/index.php\/wp-json\/wp\/v2\/comments?post=9666"}],"wp:featuredmedia":[{"embeddable":true,"href":"https:\/\/wegeblw.pl\/index.php\/wp-json\/wp\/v2\/media\/9667"}],"wp:attachment":[{"href":"https:\/\/wegeblw.pl\/index.php\/wp-json\/wp\/v2\/media?parent=9666"}],"wp:term":[{"taxonomy":"product_cat","embeddable":true,"href":"https:\/\/wegeblw.pl\/index.php\/wp-json\/wp\/v2\/product_cat?post=9666"},{"taxonomy":"product_tag","embeddable":true,"href":"https:\/\/wegeblw.pl\/index.php\/wp-json\/wp\/v2\/product_tag?post=9666"}],"curies":[{"name":"wp","href":"https:\/\/api.w.org\/{rel}","templated":true}]}}