{"id":9668,"date":"2021-09-11T11:41:06","date_gmt":"2021-09-11T09:41:06","guid":{"rendered":"https:\/\/wegeblw.pl\/index.php\/produkt\/gessi-09254\/"},"modified":"2026-04-06T23:55:00","modified_gmt":"2026-04-06T21:55:00","slug":"gessi-09254","status":"publish","type":"product","link":"https:\/\/wegeblw.pl\/index.php\/produkt\/gessi-09254\/","title":{"rendered":"Gessi 09254"},"content":{"rendered":"<p>COLWAY MAGNESIUM COMPLEX 60 KAPMagnesium Complex jest kompozycj\u0105 trzech form magnezu o wysokiej przyswajalno\u015bci &#8211; mleczan magnezu, cytrynian magnezu, diglicynian magnezu, wzbogaconych witamin\u0105 B\u2086, kt\u00f3ra u\u0142atwia wch\u0142anianie tego pierwiastka, jego transport do kom\u00f3rek organizmu i utrzymywanie jego wewn\u0105trzkom\u00f3rkowego zapasu. Intensywny tryb \u017cycia, wysi\u0142ek fizyczny, nieregularny sen, stres, alkohol oraz picie du\u017cych ilo\u015bci kawy zwi\u0119kszaj\u0105 zapotrzebowanie na magnez.Magnesium Complex uzupe\u0142nia codzienn\u0105 diet\u0119 w magnez, kt\u00f3ry jest jednym z najwa\u017cniejszych mikroelement\u00f3w decyduj\u0105cych o zachowaniu zdrowia. Magnez jest aktywatorem ponad 300 enzym\u00f3w uczestnicz\u0105cych mi\u0119dzy innymi w metabolizmie w\u0119glowodan\u00f3w i t\u0142uszcz\u00f3w chroni mi\u0119sie\u0144 sercowy przed niedokrwieniem i niedotlenieniem, przeciwdzia\u0142a zaburzeniom rytmu serca, reguluje ci\u015bnienie t\u0119tnicze, przez obni\u017cenie poziomu cholesterolu we krwi zapobiega mia\u017cd\u017cycy, a tak\u017ce stabilizuje dzia\u0142anie uk\u0142adu nerwowego, czego efektem jest dzia\u0142anie uspokajaj\u0105ce i zwi\u0119kszenie wydajno\u015bci pracy naszego m\u00f3zgu. Magnez jest r\u00f3wnie\u017c niezb\u0119dny do mineralizacji i rozwoju ko\u015bci.Magnez pomaga w:stabilizuje dzia\u0142anie uk\u0142adu nerwowego\u2022 prawid\u0142owym funkcjonowaniu mi\u0119\u015bni,\u2022 utrzymaniu zdrowych ko\u015bci i z\u0119b\u00f3w,\u2022 utrzymaniu r\u00f3wnowagi elektrolitowej,\u2022 prawid\u0142owej syntezie bia\u0142ka,\u2022 utrzymaniu prawid\u0142owych funkcji psychologicznych,\u2022 utrzymaniu prawid\u0142owego metabolizmu energetycznego.-niweluje wysi\u0142ek fizyczny-nieregularny sen, stres-chroni mi\u0119sie\u0144 sercowy przed niedokrwieniem i niedotlenieniem-przeciwdzia\u0142a zaburzeniom rytmu serca-reguluje ci\u015bnienie t\u0119tnicze-przez obni\u017cenie poziomu cholesterolu we krwi zapobiega mia\u017cd\u017cycy-zwi\u0119kszenie wydajno\u015bci pracy naszego m\u00f3zgu-niezb\u0119dny do mineralizacji i rozwoju ko\u015bciSubstancje aktywneCytrynian magnezu &#8211; zapewnia bardzo wysok\u0105 wch\u0142anialno\u015b\u0107 jon\u00f3w magnezu, ma wi\u0119kszo\u015b\u0107 rozpuszczalno\u015b\u0107 w wodzie ni\u017c tlenek magnezu o 55%. Wch\u0142anianie magnezu nast\u0119puje r\u00f3wnocze\u015bnie z wch\u0142anianiem wody, wi\u0119c im lepsza rozpuszczalno\u015b\u0107 zwi\u0105zku w wodzie, tym wi\u0119ksza jego absorpcja w naszym organizmie. By zjonizowa\u0107 cytrynian magnezu w organizmie cz\u0142owieka niezb\u0119dna jest mniejsza ilo\u015b\u0107 kwas\u00f3w \u017co\u0142\u0105dkowych. Cytrynian magnezu polecany jest osobom cierpi\u0105cym na zbyt ma\u0142e wydzielanie kwasu \u017co\u0142\u0105dkowego. Opr\u00f3cz tego cytrynian uwalnia tak\u017ce kwas cytrynowy, kt\u00f3ry pe\u0142ni rol\u0119 wspieraj\u0105c\u0105 przy produkcji energii w kom\u00f3rkach.Glicynian magnezu (Chelat) jest po\u0142\u0105czeniem magnezu i glicyny, kt\u00f3ra jest najprostszym aminokwasem. To po\u0142\u0105czenia wp\u0142ywa na szybk\u0105 absorpcj\u0119 przez nasz organizm i brak skutk\u00f3w ubocznych &#8211; nie ma w\u0142a\u015bciwo\u015bci przeczyszczaj\u0105cych. Suplementacja glicynianem magnezu przyczynia si\u0119 do z\u0142agodzenia objaw\u00f3w zwi\u0105zanych z zespo\u0142em chronicznego zm\u0119czenia oraz fibromialgi\u0105. Ludzie cierpi\u0105cy na depresj\u0119 maj\u0105 niski poziom magnezu, kt\u00f3re charakteryzuj\u0105 si\u0119 apati\u0105, anoreksj\u0105, zagubieniem, spowolnieniem funkcji poznawczych, s\u0142ab\u0105 pami\u0119ci\u0105, niepokojem, bezsenno\u015bci\u0105. Glicynian magnezu pomaga w walce z powy\u017cszymi symptomami, poniewa\u017c magnez wspiera prac\u0119 uk\u0142adu nerwowego. Dodatkowym dzia\u0142aniem glicyny jest jej zdolno\u015b\u0107 usuwania rt\u0119ci z naszego organizmu (mo\u017ce by\u0107 nie\u015bwiadomie spo\u017cywana, np. razem z rybami pochodz\u0105cymi z zanieczyszczonych w\u00f3d, a proces ten nazywany jest chelatacj\u0105.Mleczan magnezu &#8211; jest sol\u0105 magnezow\u0105 kwasu mlekowego. To naturalnie wyst\u0119puj\u0105cy minera\u0142, kt\u00f3ry wspomaga funkcjonowanie uk\u0142adu krwiono\u015bnego, nerwowego i pokarmowego. Wspomaga r\u00f3wnie\u017c prac\u0119 mi\u0119\u015bni oraz rozk\u0142ad glukozy. Mleczan magnezu wspomaga budow\u0119 ko\u015bci, z\u0119b\u00f3w; w po\u0142\u0105czeniu z wapniem wspomaga r\u00f3wnie\u017c prac\u0119 mi\u0119\u015bnia sercowego. Odpowiedzialny jest r\u00f3wnie\u017c za wydajno\u015b\u0107 pracy kom\u00f3rek, poniewa\u017c wspomaga ich wzrost oraz podzia\u0142y kom\u00f3rkowe, wspomaga ich wzrost oraz podzia\u0142y kom\u00f3rkowe, wspomaga prawid\u0142owe funkcjonowanie kom\u00f3rek nerwowych i procesy metaboliczne.Witamina B6 &#8211; zwi\u0119ksza skuteczno\u015b\u0107 dzia\u0142ania tego pierwiastka przez u\u0142atwienie wch\u0142aniania magnezu, jego transportu do kom\u00f3rek organizmu i utrzymywanie jego wewn\u0105trzkom\u00f3rkowego zapasu. Nazywana jest \u201eutrwalaczem magnezu&#8221;. Zar\u00f3wno magnez jak i witamina B\u2086 potrzebne s\u0105 w procesie syntezy enzymatycznej bia\u0142ek i wsp\u00f3\u0142pracuj\u0105 w wielu czynno\u015bciach fizjologicznych.Zalecane dzienne spo\u017cycie:Preparat nale\u017cy spo\u017cywa\u0107 popijaj\u0105c wod\u0105. Zalecana dzienna porcja do spo\u017cycia wynosi 2 kapsu\u0142ki.<\/p>\n<p>Suplementy na wzrok i s\u0142uch<\/p>\n<p>w czym s\u0105 w\u0119glowodany, trawienie mi\u0119sa, witamina c jak\u0105 najlepsza, pasztet ze sliwka, gdzie kupi\u0107 kombucha, jak mrozi\u0107 czosnek nied\u017awiedzi, nasiona chia, herbata owocowa w saszetkach<\/p>\n<p>yyyyy<\/p>\n","protected":false},"excerpt":{"rendered":"<p>COLWAY MAGNESIUM COMPLEX 60 KAPMagnesium Complex jest kompozycj\u0105 trzech form magnezu o wysokiej przyswajalno\u015bci &#8211; mleczan magnezu, cytrynian magnezu, diglicynian&hellip;<\/p>\n","protected":false},"featured_media":9669,"comment_status":"closed","ping_status":"open","template":"","meta":[],"product_cat":[612],"product_tag":[744,739,777,704,867],"class_list":["post-9668","product","type-product","status-publish","has-post-thumbnail","hentry","product_cat-stelaze-i-elementy-podtynkowe-baterii","product_tag-haagen-dazs","product_tag-makaron-sojowy-indeks-glikemiczny","product_tag-mieso-wege","product_tag-naturgreen","product_tag-siemie-lniane-blonnik"],"_links":{"self":[{"href":"https:\/\/wegeblw.pl\/index.php\/wp-json\/wp\/v2\/product\/9668","targetHints":{"allow":["GET"]}}],"collection":[{"href":"https:\/\/wegeblw.pl\/index.php\/wp-json\/wp\/v2\/product"}],"about":[{"href":"https:\/\/wegeblw.pl\/index.php\/wp-json\/wp\/v2\/types\/product"}],"replies":[{"embeddable":true,"href":"https:\/\/wegeblw.pl\/index.php\/wp-json\/wp\/v2\/comments?post=9668"}],"wp:featuredmedia":[{"embeddable":true,"href":"https:\/\/wegeblw.pl\/index.php\/wp-json\/wp\/v2\/media\/9669"}],"wp:attachment":[{"href":"https:\/\/wegeblw.pl\/index.php\/wp-json\/wp\/v2\/media?parent=9668"}],"wp:term":[{"taxonomy":"product_cat","embeddable":true,"href":"https:\/\/wegeblw.pl\/index.php\/wp-json\/wp\/v2\/product_cat?post=9668"},{"taxonomy":"product_tag","embeddable":true,"href":"https:\/\/wegeblw.pl\/index.php\/wp-json\/wp\/v2\/product_tag?post=9668"}],"curies":[{"name":"wp","href":"https:\/\/api.w.org\/{rel}","templated":true}]}}