{"id":9682,"date":"2014-04-29T06:06:17","date_gmt":"2014-04-29T04:06:17","guid":{"rendered":"https:\/\/wegeblw.pl\/index.php\/produkt\/nutridome-zdrowa-watroba-60kaps\/"},"modified":"2026-04-10T04:29:54","modified_gmt":"2026-04-10T02:29:54","slug":"nutridome-zdrowa-watroba-60kaps","status":"publish","type":"product","link":"https:\/\/wegeblw.pl\/index.php\/produkt\/nutridome-zdrowa-watroba-60kaps\/","title":{"rendered":"Nutridome Zdrowa w\u0105troba 60kaps."},"content":{"rendered":"<p>Lekki, kwiatowy zapach, kt\u00f3ry doskonale prezentuje si\u0119 na kobiecie nowoczesnej, \u015bmia\u0142ej i odwa\u017cnej. Czysty kryszta\u0142, kt\u00f3ry inspirowa\u0142 tw\u00f3rc\u00f3w tego zapachu, stanowi niezwyk\u0142\u0105 ozdob\u0119 ka\u017cdej kobiety, dodaj\u0105c jej uroku i stylu. Perfumy damskie Versace Bright Crystal s\u0105 czyste, delikatne, kobiece i bardzo luksusowe, doskona\u0142e na ka\u017cd\u0105 okazj\u0119.<\/p>\n<p>Perfumy i wody damskie<\/p>\n<p>jak poprawi\u0107 sprawno\u015b\u0107 seksualn\u0105, olejek \u017curawinowy, lakownica l\u015bni\u0105ca, glowka czosnku<\/p>\n<p><a href=\"https:\/\/doktor-porady.pl\/\">https:\/\/doktor-porady.pl\/<\/a><\/p>\n","protected":false},"excerpt":{"rendered":"<p>Lekki, kwiatowy zapach, kt\u00f3ry doskonale prezentuje si\u0119 na kobiecie nowoczesnej, \u015bmia\u0142ej i odwa\u017cnej. Czysty kryszta\u0142, kt\u00f3ry inspirowa\u0142 tw\u00f3rc\u00f3w tego zapachu,&hellip;<\/p>\n","protected":false},"featured_media":9683,"comment_status":"closed","ping_status":"open","template":"","meta":[],"product_cat":[43],"product_tag":[659,700,832,695],"class_list":["post-9682","product","type-product","status-publish","has-post-thumbnail","hentry","product_cat-uklad-pokarmowy-i-trawienie","product_tag-jajka-marynowane-po-koreansku","product_tag-przepis-na-sekacza","product_tag-vitapol-majonez","product_tag-zupa-krem-pomidorowa"],"_links":{"self":[{"href":"https:\/\/wegeblw.pl\/index.php\/wp-json\/wp\/v2\/product\/9682","targetHints":{"allow":["GET"]}}],"collection":[{"href":"https:\/\/wegeblw.pl\/index.php\/wp-json\/wp\/v2\/product"}],"about":[{"href":"https:\/\/wegeblw.pl\/index.php\/wp-json\/wp\/v2\/types\/product"}],"replies":[{"embeddable":true,"href":"https:\/\/wegeblw.pl\/index.php\/wp-json\/wp\/v2\/comments?post=9682"}],"wp:featuredmedia":[{"embeddable":true,"href":"https:\/\/wegeblw.pl\/index.php\/wp-json\/wp\/v2\/media\/9683"}],"wp:attachment":[{"href":"https:\/\/wegeblw.pl\/index.php\/wp-json\/wp\/v2\/media?parent=9682"}],"wp:term":[{"taxonomy":"product_cat","embeddable":true,"href":"https:\/\/wegeblw.pl\/index.php\/wp-json\/wp\/v2\/product_cat?post=9682"},{"taxonomy":"product_tag","embeddable":true,"href":"https:\/\/wegeblw.pl\/index.php\/wp-json\/wp\/v2\/product_tag?post=9682"}],"curies":[{"name":"wp","href":"https:\/\/api.w.org\/{rel}","templated":true}]}}