{"id":9686,"date":"2018-06-17T09:47:31","date_gmt":"2018-06-17T07:47:31","guid":{"rendered":"https:\/\/wegeblw.pl\/index.php\/produkt\/swanson-health-products-magnesium-aspartate-685mg-90kaps\/"},"modified":"2026-04-10T03:20:48","modified_gmt":"2026-04-10T01:20:48","slug":"swanson-health-products-magnesium-aspartate-685mg-90kaps","status":"publish","type":"product","link":"https:\/\/wegeblw.pl\/index.php\/produkt\/swanson-health-products-magnesium-aspartate-685mg-90kaps\/","title":{"rendered":"Swanson Health Products Magnesium Aspartate 685MG 90kaps."},"content":{"rendered":"<p>Oprawy okularowe Burberry<\/p>\n<p>Okulary oprawki i szk\u0142a<\/p>\n<p>daktyle a por\u00f3d, nale\u015bniki na mleku ry\u017cowym, chleb ryzowy, ziemniaki ekologiczne, s\u0142odki kr\u0105\u017cek, msm opinie forum<\/p>\n<p>yyyyy<\/p>\n","protected":false},"excerpt":{"rendered":"<p>Oprawy okularowe Burberry Okulary oprawki i szk\u0142a daktyle a por\u00f3d, nale\u015bniki na mleku ry\u017cowym, chleb ryzowy, ziemniaki ekologiczne, s\u0142odki kr\u0105\u017cek,&hellip;<\/p>\n","protected":false},"featured_media":9687,"comment_status":"closed","ping_status":"open","template":"","meta":[],"product_cat":[18],"product_tag":[658,834,762,705,699],"class_list":["post-9686","product","type-product","status-publish","has-post-thumbnail","hentry","product_cat-mineraly-i-witaminy","product_tag-beyond-meat-polska","product_tag-biosaurus","product_tag-cynamon-cejlonski","product_tag-guma-guar-szkodliwosc","product_tag-sok-z-cytryn"],"_links":{"self":[{"href":"https:\/\/wegeblw.pl\/index.php\/wp-json\/wp\/v2\/product\/9686","targetHints":{"allow":["GET"]}}],"collection":[{"href":"https:\/\/wegeblw.pl\/index.php\/wp-json\/wp\/v2\/product"}],"about":[{"href":"https:\/\/wegeblw.pl\/index.php\/wp-json\/wp\/v2\/types\/product"}],"replies":[{"embeddable":true,"href":"https:\/\/wegeblw.pl\/index.php\/wp-json\/wp\/v2\/comments?post=9686"}],"wp:featuredmedia":[{"embeddable":true,"href":"https:\/\/wegeblw.pl\/index.php\/wp-json\/wp\/v2\/media\/9687"}],"wp:attachment":[{"href":"https:\/\/wegeblw.pl\/index.php\/wp-json\/wp\/v2\/media?parent=9686"}],"wp:term":[{"taxonomy":"product_cat","embeddable":true,"href":"https:\/\/wegeblw.pl\/index.php\/wp-json\/wp\/v2\/product_cat?post=9686"},{"taxonomy":"product_tag","embeddable":true,"href":"https:\/\/wegeblw.pl\/index.php\/wp-json\/wp\/v2\/product_tag?post=9686"}],"curies":[{"name":"wp","href":"https:\/\/api.w.org\/{rel}","templated":true}]}}