{"id":9706,"date":"2015-04-24T19:52:41","date_gmt":"2015-04-24T17:52:41","guid":{"rendered":"https:\/\/wegeblw.pl\/index.php\/produkt\/solgar-wapn-z-witamina-d-60-tabl-witamina-c-200-mg-25-tabl\/"},"modified":"2026-04-08T23:36:05","modified_gmt":"2026-04-08T21:36:05","slug":"solgar-wapn-z-witamina-d-60-tabl-witamina-c-200-mg-25-tabl","status":"publish","type":"product","link":"https:\/\/wegeblw.pl\/index.php\/produkt\/solgar-wapn-z-witamina-d-60-tabl-witamina-c-200-mg-25-tabl\/","title":{"rendered":"SOLGAR Wap\u0144 z witamin\u0105 D, 60 tabl + Witamina C, 200 mg, 25 tabl"},"content":{"rendered":"<p>Aeronautica Militare Szorty materia\u0142owe 221BE041CT1122 Czarny Regular Fit<\/p>\n<p>Spodenki m\u0119skie<\/p>\n<p>czerwonego, \u0142upina babki jajowatej, czerwone owoce i warzywa, niedob\u00f3r witaminy d objawy psychiczne, s\u00f3l epsom zastosowanie, bio jedzenie, aliness selen, keto s\u0142odycze biedronka, co to jest skrobia kukurydziana, onlybio szampon, olejek lawendowy w\u0142a\u015bciwo\u015bci lecznicze, herbata z hibiskusa w\u0142a\u015bciwo\u015bci<\/p>\n<p>yyyyy<\/p>\n","protected":false},"excerpt":{"rendered":"<p>Aeronautica Militare Szorty materia\u0142owe 221BE041CT1122 Czarny Regular Fit Spodenki m\u0119skie czerwonego, \u0142upina babki jajowatej, czerwone owoce i warzywa, niedob\u00f3r witaminy&hellip;<\/p>\n","protected":false},"featured_media":9707,"comment_status":"closed","ping_status":"open","template":"","meta":[],"product_cat":[18],"product_tag":[841,874,779,692],"class_list":["post-9706","product","type-product","status-publish","has-post-thumbnail","hentry","product_cat-mineraly-i-witaminy","product_tag-biolab-shop","product_tag-czym-mozna-zastapic-jogurt-naturalny","product_tag-jak-gotowac-komose","product_tag-jelito-drazliwe"],"_links":{"self":[{"href":"https:\/\/wegeblw.pl\/index.php\/wp-json\/wp\/v2\/product\/9706","targetHints":{"allow":["GET"]}}],"collection":[{"href":"https:\/\/wegeblw.pl\/index.php\/wp-json\/wp\/v2\/product"}],"about":[{"href":"https:\/\/wegeblw.pl\/index.php\/wp-json\/wp\/v2\/types\/product"}],"replies":[{"embeddable":true,"href":"https:\/\/wegeblw.pl\/index.php\/wp-json\/wp\/v2\/comments?post=9706"}],"wp:featuredmedia":[{"embeddable":true,"href":"https:\/\/wegeblw.pl\/index.php\/wp-json\/wp\/v2\/media\/9707"}],"wp:attachment":[{"href":"https:\/\/wegeblw.pl\/index.php\/wp-json\/wp\/v2\/media?parent=9706"}],"wp:term":[{"taxonomy":"product_cat","embeddable":true,"href":"https:\/\/wegeblw.pl\/index.php\/wp-json\/wp\/v2\/product_cat?post=9706"},{"taxonomy":"product_tag","embeddable":true,"href":"https:\/\/wegeblw.pl\/index.php\/wp-json\/wp\/v2\/product_tag?post=9706"}],"curies":[{"name":"wp","href":"https:\/\/api.w.org\/{rel}","templated":true}]}}