{"id":9752,"date":"2020-09-08T09:03:32","date_gmt":"2020-09-08T07:03:32","guid":{"rendered":"https:\/\/wegeblw.pl\/index.php\/produkt\/pharmaceutical-wegiel-kokosowy-aktywowany-250g\/"},"modified":"2026-04-08T09:29:38","modified_gmt":"2026-04-08T07:29:38","slug":"pharmaceutical-wegiel-kokosowy-aktywowany-250g","status":"publish","type":"product","link":"https:\/\/wegeblw.pl\/index.php\/produkt\/pharmaceutical-wegiel-kokosowy-aktywowany-250g\/","title":{"rendered":"Pharmaceutical W\u0119giel Kokosowy Aktywowany 250g"},"content":{"rendered":"<p>SVR Topialyse Baume Protect +  regeneruj\u0105cy balsam do sk\u00f3ry suchej i atopowej<\/p>\n<p>Kosmetyki dla dzieci i niemowl\u0105t<\/p>\n<p>ciasteczka kokosowe, kulki miodowe, zapalenie pecherza leczenie, jogurt sojowy, bu\u0142ki bezglutenowe<\/p>\n<p>yyyyy<\/p>\n","protected":false},"excerpt":{"rendered":"<p>SVR Topialyse Baume Protect + regeneruj\u0105cy balsam do sk\u00f3ry suchej i atopowej Kosmetyki dla dzieci i niemowl\u0105t ciasteczka kokosowe, kulki&hellip;<\/p>\n","protected":false},"featured_media":9753,"comment_status":"closed","ping_status":"open","template":"","meta":[],"product_cat":[43],"product_tag":[627,835,623,663,727],"class_list":["post-9752","product","type-product","status-publish","has-post-thumbnail","hentry","product_cat-uklad-pokarmowy-i-trawienie","product_tag-agnieszka-cegielska-blog","product_tag-kurkuma-dzialanie","product_tag-mleko-roslinne","product_tag-sekacz-ciasto","product_tag-sok-plus"],"_links":{"self":[{"href":"https:\/\/wegeblw.pl\/index.php\/wp-json\/wp\/v2\/product\/9752","targetHints":{"allow":["GET"]}}],"collection":[{"href":"https:\/\/wegeblw.pl\/index.php\/wp-json\/wp\/v2\/product"}],"about":[{"href":"https:\/\/wegeblw.pl\/index.php\/wp-json\/wp\/v2\/types\/product"}],"replies":[{"embeddable":true,"href":"https:\/\/wegeblw.pl\/index.php\/wp-json\/wp\/v2\/comments?post=9752"}],"wp:featuredmedia":[{"embeddable":true,"href":"https:\/\/wegeblw.pl\/index.php\/wp-json\/wp\/v2\/media\/9753"}],"wp:attachment":[{"href":"https:\/\/wegeblw.pl\/index.php\/wp-json\/wp\/v2\/media?parent=9752"}],"wp:term":[{"taxonomy":"product_cat","embeddable":true,"href":"https:\/\/wegeblw.pl\/index.php\/wp-json\/wp\/v2\/product_cat?post=9752"},{"taxonomy":"product_tag","embeddable":true,"href":"https:\/\/wegeblw.pl\/index.php\/wp-json\/wp\/v2\/product_tag?post=9752"}],"curies":[{"name":"wp","href":"https:\/\/api.w.org\/{rel}","templated":true}]}}