{"id":9772,"date":"2020-02-19T09:49:31","date_gmt":"2020-02-19T08:49:31","guid":{"rendered":"https:\/\/wegeblw.pl\/index.php\/produkt\/beorganic-moc-odpornosci-mix-bio-100g\/"},"modified":"2026-04-07T04:58:48","modified_gmt":"2026-04-07T02:58:48","slug":"beorganic-moc-odpornosci-mix-bio-100g","status":"publish","type":"product","link":"https:\/\/wegeblw.pl\/index.php\/produkt\/beorganic-moc-odpornosci-mix-bio-100g\/","title":{"rendered":"Beorganic Moc odporno\u015bci MIX BIO 100g"},"content":{"rendered":"<p>Szampon to podstawowy kosmetyk, kt\u00f3ry wielu z nas stosuje nawet codziennie, dlatego warto wybra\u0107 go \u015bwiadomie. Dobrze jest wykorzysta\u0107 ten etap piel\u0119gnacji nie tylko na mycie, ale r\u00f3wnie\u017c zadbanie o sk\u00f3r\u0119 g\u0142owy i zdrowie pasm na ca\u0142ej ich d\u0142ugo\u015bci.Czym si\u0119 wyr\u00f3\u017cnia? Szampon Delpos to kompozycja o\u015bmiu, sprawdzonych sk\u0142adnik\u00f3w aktywnych, kt\u00f3re faktycznie poprawiaj\u0105 stan sk\u00f3ry g\u0142owy oraz kondycj\u0119 w\u0142os\u00f3w. A tak\u017ce przyspieszaj\u0105 ich porost. Wysoko skoncentrowane ekstrakty ro\u015blinne skutecznie oddzia\u0142uj\u0105 na cebulki, wzmacniaj\u0105c je i zapobiegaj\u0105c nadmiernemu wypadaniu, a w konsekwencji przerzedzeniu, a nawet utracie w\u0142os\u00f3w. A ponadto zastosowanie naturalnych, w pe\u0142ni bezpiecznych i \u0142agodnych dla skalpu sk\u0142adnik\u00f3w, zapewnia komfort sk\u00f3rze g\u0142owy. Przywraca jej r\u00f3wnowag\u0119, pomagaj\u0105c z\u0142agodzi\u0107 \u015bwi\u0105d, jak r\u00f3wnie\u017c nadmierne przet\u0142uszczanie si\u0119 w\u0142os\u00f3w.                            <\/p>\n<p>Szampon Delpos jest \u0142agodny dla sk\u00f3ry g\u0142owy i w\u0142os\u00f3w, dlatego mo\u017ce by\u0107 stosowany codziennie. Wa\u017cne jest, aby u\u017cywa\u0107 go regularnie, przy ka\u017cdym myciu w\u0142os\u00f3w. Najlepiej my\u0107 je rano, po zastosowaniu na noc p\u0142ynu zapobiegaj\u0105cego wypadaniu w\u0142os\u00f3w Delpos. Zmocz g\u0142ow\u0119 letni\u0105 wod\u0105 i rozprowad\u017a szampon na zwil\u017conych d\u0142oniach, po czym delikatnie masuj sk\u00f3r\u0119 opuszkami palc\u00f3w. Powsta\u0142\u0105 pian\u0119 rozprowad\u017a na ca\u0142ej d\u0142ugo\u015bci pasm. Pozostaw na oko\u0142o 5 minut. Nast\u0119pnie dok\u0142adnie sp\u0142ucz i osusz w\u0142osy r\u0119cznikiem. Jako ostatni etap piel\u0119gnacji zastosuj mask\u0119 wzmacniaj\u0105c\u0105 w\u0142osy Delpos.Wskaz\u00f3wka: je\u015bli Twoje kosmyki maj\u0105 tendencj\u0119 do pl\u0105tania si\u0119 podczas aplikacji szamponu, dodatkowo rozczesz je przed myciem. Post\u0119puj\u0105c w ten spos\u00f3b, zmniejszysz ich \u0142amliwo\u015b\u0107 i u\u0142atwisz sobie ich p\u00f3\u017aniejsze rozczesywanie.<\/p>\n<p>Szampony do w\u0142os\u00f3w<\/p>\n<p>chlebek swietojanski, olej z pestek r\u00f3\u017cy, s\u00f3l, kasza jaglana a refluks, na w\u0142osy, ser z mleka owczego, zdrowa zywnosc online, \u015bmietanka krem\u00f3wka 36<\/p>\n<p>yyyyy<\/p>\n","protected":false},"excerpt":{"rendered":"<p>Szampon to podstawowy kosmetyk, kt\u00f3ry wielu z nas stosuje nawet codziennie, dlatego warto wybra\u0107 go \u015bwiadomie. Dobrze jest wykorzysta\u0107 ten&hellip;<\/p>\n","protected":false},"featured_media":9773,"comment_status":"closed","ping_status":"open","template":"","meta":[],"product_cat":[18],"product_tag":[744,719,648,641],"class_list":["post-9772","product","type-product","status-publish","has-post-thumbnail","hentry","product_cat-mineraly-i-witaminy","product_tag-haagen-dazs","product_tag-jaja-ekologiczne","product_tag-maki-ekologiczne","product_tag-smieci-w-oceanach"],"_links":{"self":[{"href":"https:\/\/wegeblw.pl\/index.php\/wp-json\/wp\/v2\/product\/9772","targetHints":{"allow":["GET"]}}],"collection":[{"href":"https:\/\/wegeblw.pl\/index.php\/wp-json\/wp\/v2\/product"}],"about":[{"href":"https:\/\/wegeblw.pl\/index.php\/wp-json\/wp\/v2\/types\/product"}],"replies":[{"embeddable":true,"href":"https:\/\/wegeblw.pl\/index.php\/wp-json\/wp\/v2\/comments?post=9772"}],"wp:featuredmedia":[{"embeddable":true,"href":"https:\/\/wegeblw.pl\/index.php\/wp-json\/wp\/v2\/media\/9773"}],"wp:attachment":[{"href":"https:\/\/wegeblw.pl\/index.php\/wp-json\/wp\/v2\/media?parent=9772"}],"wp:term":[{"taxonomy":"product_cat","embeddable":true,"href":"https:\/\/wegeblw.pl\/index.php\/wp-json\/wp\/v2\/product_cat?post=9772"},{"taxonomy":"product_tag","embeddable":true,"href":"https:\/\/wegeblw.pl\/index.php\/wp-json\/wp\/v2\/product_tag?post=9772"}],"curies":[{"name":"wp","href":"https:\/\/api.w.org\/{rel}","templated":true}]}}