{"id":9790,"date":"2015-11-21T09:35:44","date_gmt":"2015-11-21T08:35:44","guid":{"rendered":"https:\/\/wegeblw.pl\/index.php\/produkt\/koenzym-q10-bio-dzika-roza-100-kaps\/"},"modified":"2026-04-08T06:58:59","modified_gmt":"2026-04-08T04:58:59","slug":"koenzym-q10-bio-dzika-roza-100-kaps","status":"publish","type":"product","link":"https:\/\/wegeblw.pl\/index.php\/produkt\/koenzym-q10-bio-dzika-roza-100-kaps\/","title":{"rendered":"Koenzym Q10 + Bio Dzika R\u00f3\u017ca, 100 kaps."},"content":{"rendered":"<p>Oprawy okularowe Burberry<\/p>\n<p>Okulary oprawki i szk\u0142a<\/p>\n<p>syrop daktylowy indeks glikemiczny, czy mak jest zdrowy, ghee, kalendarze adwentowe s\u0142odycze<\/p>\n<p><a href=\"https:\/\/kamieniarski.net\/uslugi-kamieniarskie-bydgoszcz\/\">zak\u0142ad kamieniarski bydgoszcz<\/a><\/p>\n","protected":false},"excerpt":{"rendered":"<p>Oprawy okularowe Burberry Okulary oprawki i szk\u0142a syrop daktylowy indeks glikemiczny, czy mak jest zdrowy, ghee, kalendarze adwentowe s\u0142odycze zak\u0142ad&hellip;<\/p>\n","protected":false},"featured_media":9791,"comment_status":"closed","ping_status":"open","template":"","meta":[],"product_cat":[42],"product_tag":[739,817,845,828,754],"class_list":["post-9790","product","type-product","status-publish","has-post-thumbnail","hentry","product_cat-suplementy-na-odchudzanie","product_tag-makaron-sojowy-indeks-glikemiczny","product_tag-niepasteryzowane-mleko","product_tag-syrop-klonowy","product_tag-zakupy-z-dostawa-do-domu","product_tag-zamienniki-miesa"],"_links":{"self":[{"href":"https:\/\/wegeblw.pl\/index.php\/wp-json\/wp\/v2\/product\/9790","targetHints":{"allow":["GET"]}}],"collection":[{"href":"https:\/\/wegeblw.pl\/index.php\/wp-json\/wp\/v2\/product"}],"about":[{"href":"https:\/\/wegeblw.pl\/index.php\/wp-json\/wp\/v2\/types\/product"}],"replies":[{"embeddable":true,"href":"https:\/\/wegeblw.pl\/index.php\/wp-json\/wp\/v2\/comments?post=9790"}],"wp:featuredmedia":[{"embeddable":true,"href":"https:\/\/wegeblw.pl\/index.php\/wp-json\/wp\/v2\/media\/9791"}],"wp:attachment":[{"href":"https:\/\/wegeblw.pl\/index.php\/wp-json\/wp\/v2\/media?parent=9790"}],"wp:term":[{"taxonomy":"product_cat","embeddable":true,"href":"https:\/\/wegeblw.pl\/index.php\/wp-json\/wp\/v2\/product_cat?post=9790"},{"taxonomy":"product_tag","embeddable":true,"href":"https:\/\/wegeblw.pl\/index.php\/wp-json\/wp\/v2\/product_tag?post=9790"}],"curies":[{"name":"wp","href":"https:\/\/api.w.org\/{rel}","templated":true}]}}