{"id":9798,"date":"2022-11-10T16:41:20","date_gmt":"2022-11-10T15:41:20","guid":{"rendered":"https:\/\/wegeblw.pl\/?post_type=product&#038;p=9798"},"modified":"2026-04-07T01:12:44","modified_gmt":"2026-04-06T23:12:44","slug":"noblepharma-noble-pharma-cla-800-plus-60-kaps","status":"publish","type":"product","link":"https:\/\/wegeblw.pl\/index.php\/produkt\/noblepharma-noble-pharma-cla-800-plus-60-kaps\/","title":{"rendered":"Noblepharma Noble Pharma Cla 800 Plus 60 Kaps"},"content":{"rendered":"<p>Nazwa: BOIRON Natrum Phosphoricum 200 CHPosta\u0107: granulkiDawka: -Opakowanie: 4 gDzia\u0142anie: Homeopatyczny produkt leczniczy bez wskaza\u0144 leczniczych. Produkt leczniczy wydawany bez przepisu lekarza.Wskazania: Wskazania do stosowania lek\u00f3w homeopatycznych s\u0105 bardzo szerokie, udokumentowane na podstawie wieloletniego stosowania terapeutycznego w lecznictwie. Dlatego te\u017c do leku nie do\u0142\u0105cza si\u0119 ulotki informacyjnej i nie umieszcza si\u0119 na opakowaniu informacji dotycz\u0105cych sposobu dawkowania. W celu uzyskania informacji o wskazaniach i dawkowaniu nale\u017cy skonsultowa\u0107 si\u0119 z lekarzem lub farmaceut\u0105.Przeciwwskazania: Nadwra\u017cliwo\u015b\u0107 na kt\u00f3rykolwiek sk\u0142adnik leku.Dzia\u0142ania niepo\u017c\u0105dane: W przypadku wyst\u0105pienia objaw\u00f3w niepo\u017c\u0105danych w czasie stosowania produktu homeopatycznego nale\u017cy skonsultowa\u0107 si\u0119 z lekarzem.<\/p>\n<p>Homeopatia<\/p>\n<p>pasta curry sk\u0142ad, pasta sojowa, pomadki smakowe, grissini, syrop mniszkowy przepis, mestemacher, tofu w\u0119dzone kcal, wody lecznicze sklep, wege burger, ma\u015b\u0107 alpejska, cbd 30<\/p>\n<p>yyyyy<\/p>\n","protected":false},"excerpt":{"rendered":"<p>Nazwa: BOIRON Natrum Phosphoricum 200 CHPosta\u0107: granulkiDawka: -Opakowanie: 4 gDzia\u0142anie: Homeopatyczny produkt leczniczy bez wskaza\u0144 leczniczych. Produkt leczniczy wydawany bez&hellip;<\/p>\n","protected":false},"featured_media":9799,"comment_status":"closed","ping_status":"open","template":"","meta":[],"product_cat":[42],"product_tag":[712,684,666,731,777,862],"class_list":["post-9798","product","type-product","status-publish","has-post-thumbnail","hentry","product_cat-suplementy-na-odchudzanie","product_tag-dynia-pieczona","product_tag-kurkuma-korzen","product_tag-lody-haagen-dazs","product_tag-margaryna-bez-oleju-palmowego","product_tag-mieso-wege","product_tag-pestki-granata"],"_links":{"self":[{"href":"https:\/\/wegeblw.pl\/index.php\/wp-json\/wp\/v2\/product\/9798","targetHints":{"allow":["GET"]}}],"collection":[{"href":"https:\/\/wegeblw.pl\/index.php\/wp-json\/wp\/v2\/product"}],"about":[{"href":"https:\/\/wegeblw.pl\/index.php\/wp-json\/wp\/v2\/types\/product"}],"replies":[{"embeddable":true,"href":"https:\/\/wegeblw.pl\/index.php\/wp-json\/wp\/v2\/comments?post=9798"}],"wp:featuredmedia":[{"embeddable":true,"href":"https:\/\/wegeblw.pl\/index.php\/wp-json\/wp\/v2\/media\/9799"}],"wp:attachment":[{"href":"https:\/\/wegeblw.pl\/index.php\/wp-json\/wp\/v2\/media?parent=9798"}],"wp:term":[{"taxonomy":"product_cat","embeddable":true,"href":"https:\/\/wegeblw.pl\/index.php\/wp-json\/wp\/v2\/product_cat?post=9798"},{"taxonomy":"product_tag","embeddable":true,"href":"https:\/\/wegeblw.pl\/index.php\/wp-json\/wp\/v2\/product_tag?post=9798"}],"curies":[{"name":"wp","href":"https:\/\/api.w.org\/{rel}","templated":true}]}}