{"id":9836,"date":"2022-02-27T23:29:42","date_gmt":"2022-02-27T22:29:42","guid":{"rendered":"https:\/\/wegeblw.pl\/index.php\/produkt\/bioastin-astaksantyna-6-mg-supreme-60-kaps\/"},"modified":"2026-04-07T02:53:53","modified_gmt":"2026-04-07T00:53:53","slug":"bioastin-astaksantyna-6-mg-supreme-60-kaps","status":"publish","type":"product","link":"https:\/\/wegeblw.pl\/index.php\/produkt\/bioastin-astaksantyna-6-mg-supreme-60-kaps\/","title":{"rendered":"BioAstin Astaksantyna 6 mg supreme 60 kaps."},"content":{"rendered":"<p>Sk\u0142adniki: ekstrakt z k\u0142\u0105cza kurkumy (Curcuma longa) standaryzowany na zawarto\u015b\u0107 kurkuminoid\u00f3w: 50%, zawieraj\u0105cy lotny zwi\u0105zek ar-turmeron;Porcja dzienna: 1g (1\/2 \u0142y\u017ceczki do herbaty)Opakowanie zawiera: 40gSk\u0142ad w porcji dziennej (1g) Ekstrakt z k\u0142\u0105cza kurkumy 1000 mg \/BCM-95\u00ae\/ (Curcuma longa L.),w tym: kurkuminoid\u00f3w 50%.Zawiera lotny zwi\u0105zek ar-turmeron1 000 mg500 mgKurkuma przeznaczona jest do sporz\u0105dzania zdrowych koktajli; wspomaga w\u0105trob\u0119, utrzymuje prawid\u0142owy stan staw\u00f3w i ko\u015bci.Spos\u00f3b u\u017cycia: 1g dziennie (1\/2 \u0142y\u017ceczki do herbaty) rozpu\u015bci\u0107 w szklance wody lub doda\u0107 do ulubionego koktajlu\/napoju. Wypi\u0107 bezpo\u015brednio po sporz\u0105dzeniu.Uwagi: Nie nale\u017cy przekracza\u0107 zalecanej porcji do spo\u017cycia w ci\u0105gu dnia. Suplementy diety nie mog\u0105 by\u0107 stosowane jako substytut (zamiennik) zr\u00f3\u017cnicowanej diety. Nie nale\u017cy stosowa\u0107 w przypadku nadwra\u017cliwo\u015bci na jakikolwiek sk\u0142adnik preparatu. Preparatu nie powinny stosowa\u0107 kobiety w ci\u0105\u017cy, karmi\u0105ce piersi\u0105 oraz dzieci i m\u0142odzie\u017c poni\u017cej 18 roku \u017cycia. Nale\u017cy przestrzega\u0107 zdrowego trybu \u017cycia i zr\u00f3wnowa\u017conego sposobu \u017cywienia. Osoby, kt\u00f3re stosuj\u0105 leki przeciwzakrzepowe, powinny skonsultowa\u0107 z lekarzem mo\u017cliwo\u015b\u0107 spo\u017cywania niniejszego preparatu.Spos\u00f3b przechowywania: przechowywa\u0107 w zamkni\u0119tym opakowaniu w temperaturze pokojowej, w spos\u00f3b niedost\u0119pny dla ma\u0142ych dzieci.Producent: Arjuna Natural Extracts Ltd, Indie<\/p>\n<p>Uk\u0142ad pokarmowy i trawienie<\/p>\n<p>czarna masc, veggs omelette, szampon do w\u0142os\u00f3w po chemii, co to spirulina, sos z habanero, s\u0142odzik maltitol, melatonina wlasciwosci, witamina d3 czy mo\u017cna przedawkowa\u0107<\/p>\n<p>yyyyy<\/p>\n","protected":false},"excerpt":{"rendered":"<p>Sk\u0142adniki: ekstrakt z k\u0142\u0105cza kurkumy (Curcuma longa) standaryzowany na zawarto\u015b\u0107 kurkuminoid\u00f3w: 50%, zawieraj\u0105cy lotny zwi\u0105zek ar-turmeron;Porcja dzienna: 1g (1\/2 \u0142y\u017ceczki&hellip;<\/p>\n","protected":false},"featured_media":9837,"comment_status":"closed","ping_status":"open","template":"","meta":[],"product_cat":[81],"product_tag":[872,820,680,837],"class_list":["post-9836","product","type-product","status-publish","has-post-thumbnail","hentry","product_cat-uklad-krazenia-i-serce","product_tag-bis-ethylhexyloxyphenol-methoxyphenyl-triazine","product_tag-produkty-bez-laktozy-sklep","product_tag-smietana-kwasna","product_tag-soczewica-czerwona"],"_links":{"self":[{"href":"https:\/\/wegeblw.pl\/index.php\/wp-json\/wp\/v2\/product\/9836","targetHints":{"allow":["GET"]}}],"collection":[{"href":"https:\/\/wegeblw.pl\/index.php\/wp-json\/wp\/v2\/product"}],"about":[{"href":"https:\/\/wegeblw.pl\/index.php\/wp-json\/wp\/v2\/types\/product"}],"replies":[{"embeddable":true,"href":"https:\/\/wegeblw.pl\/index.php\/wp-json\/wp\/v2\/comments?post=9836"}],"wp:featuredmedia":[{"embeddable":true,"href":"https:\/\/wegeblw.pl\/index.php\/wp-json\/wp\/v2\/media\/9837"}],"wp:attachment":[{"href":"https:\/\/wegeblw.pl\/index.php\/wp-json\/wp\/v2\/media?parent=9836"}],"wp:term":[{"taxonomy":"product_cat","embeddable":true,"href":"https:\/\/wegeblw.pl\/index.php\/wp-json\/wp\/v2\/product_cat?post=9836"},{"taxonomy":"product_tag","embeddable":true,"href":"https:\/\/wegeblw.pl\/index.php\/wp-json\/wp\/v2\/product_tag?post=9836"}],"curies":[{"name":"wp","href":"https:\/\/api.w.org\/{rel}","templated":true}]}}