{"id":9904,"date":"2017-06-22T19:43:53","date_gmt":"2017-06-22T17:43:53","guid":{"rendered":"https:\/\/wegeblw.pl\/index.php\/produkt\/ostrovit-collagen-850-mg-90-kaps\/"},"modified":"2026-04-07T03:12:21","modified_gmt":"2026-04-07T01:12:21","slug":"ostrovit-collagen-850-mg-90-kaps","status":"publish","type":"product","link":"https:\/\/wegeblw.pl\/index.php\/produkt\/ostrovit-collagen-850-mg-90-kaps\/","title":{"rendered":"OstroVit Collagen 850 mg &#8211; 90 kaps."},"content":{"rendered":"<p>Naturalnie wyst\u0119puje w Europie, Azji oraz w Afryce P\u00f3\u0142nocnej. Surowiec zielarski stanowi ziele pio\u0142unu, kt\u00f3re obfituje w liczne glikozydy, zwi\u0105zki kumarynowe, olejek lotny zawieraj\u0105cy tujon, artemityn\u0119 (flawonoid) oraz ca\u0142\u0105 gam\u0119 innych wa\u017cnych substancji bioaktywnych. Staro\u017cytne cywilizacje bardzo dobrze zna\u0142y bylic\u0119 pio\u0142un, kt\u00f3r\u0105 stosowa\u0142y jako przypraw\u0119 kuchenn\u0105 oraz aromatyzowa\u0142y ni\u0105 piwa i miody pitne. Obecnie tak\u017ce produkuje si\u0119 z niej wysokoprocentowy alkohol zwany absyntem. Jednak najcenniejsze dla zdrowia zastosowanie tej ro\u015bliny znajdujemy w fitoterapii, kt\u00f3ra traktuje bylic\u0119 jako \u015brodek wspieraj\u0105cy prawid\u0142owe trawienie, wykazuj\u0105cy dzia\u0142anie przeciwgrzybiczne i przeciwpaso\u017cytnicze. Napar z pio\u0142unu sprawdza si\u0119 w przypadku uczucia ci\u0119\u017cko\u015bci po posi\u0142ku, a tak\u017ce jako relaksuj\u0105ca herbatka, koj\u0105ca nerwy i przynosz\u0105ca spokojny sen. W\u0142a\u015bciwo\u015bci prozdrowotne: Wspiera prawid\u0142owe trawienie \u2013 optymalizuje wydzielanie sok\u00f3w trawiennych oraz ruchy perystaltyczne. Korzystnie wp\u0142ywa na w\u0105trob\u0119 i drogi \u017c\u00f3\u0142ciowe. Wspiera uk\u0142ad odporno\u015bciowy w walce z grzybami, paso\u017cytami i robakami. Uspokaja i u\u0142atwia zasypianie. Sk\u0142ad: Pio\u0142un ziele dziko rosn\u0105ce 100%.Bylica pio\u0142un ziele dost\u0119pne w postaci ci\u0119tej lub mielonej.Produkt najwy\u017cszej jako\u015bci!Kraj pochodzenia: Polska.<\/p>\n<p>Zio\u0142a i herbaty lecznicze<\/p>\n<p>arbuz mini, to jest m\u00f3j sen, co to s\u0105 pomidory pelati, falafel, zmywanie naczyn, szampony ekologiczne, gdzie kupi\u0107 kr\u00f3lika do jedzenia, epa dha omega 3, buzdyganek, pasieka sadowskich opinie, maka konjac<\/p>\n<p>yyyyy<\/p>\n","protected":false},"excerpt":{"rendered":"<p>Naturalnie wyst\u0119puje w Europie, Azji oraz w Afryce P\u00f3\u0142nocnej. Surowiec zielarski stanowi ziele pio\u0142unu, kt\u00f3re obfituje w liczne glikozydy, zwi\u0105zki&hellip;<\/p>\n","protected":false},"featured_media":9905,"comment_status":"closed","ping_status":"open","template":"","meta":[],"product_cat":[17],"product_tag":[812,672,755],"class_list":["post-9904","product","type-product","status-publish","has-post-thumbnail","hentry","product_cat-stawy-miesnie-i-kosci","product_tag-bigos-wegetarianski-z-soczewica","product_tag-makaron-zero-kalorii","product_tag-olej-ryzowy-do-smazenia"],"_links":{"self":[{"href":"https:\/\/wegeblw.pl\/index.php\/wp-json\/wp\/v2\/product\/9904","targetHints":{"allow":["GET"]}}],"collection":[{"href":"https:\/\/wegeblw.pl\/index.php\/wp-json\/wp\/v2\/product"}],"about":[{"href":"https:\/\/wegeblw.pl\/index.php\/wp-json\/wp\/v2\/types\/product"}],"replies":[{"embeddable":true,"href":"https:\/\/wegeblw.pl\/index.php\/wp-json\/wp\/v2\/comments?post=9904"}],"wp:featuredmedia":[{"embeddable":true,"href":"https:\/\/wegeblw.pl\/index.php\/wp-json\/wp\/v2\/media\/9905"}],"wp:attachment":[{"href":"https:\/\/wegeblw.pl\/index.php\/wp-json\/wp\/v2\/media?parent=9904"}],"wp:term":[{"taxonomy":"product_cat","embeddable":true,"href":"https:\/\/wegeblw.pl\/index.php\/wp-json\/wp\/v2\/product_cat?post=9904"},{"taxonomy":"product_tag","embeddable":true,"href":"https:\/\/wegeblw.pl\/index.php\/wp-json\/wp\/v2\/product_tag?post=9904"}],"curies":[{"name":"wp","href":"https:\/\/api.w.org\/{rel}","templated":true}]}}