{"id":9936,"date":"2017-09-15T01:30:02","date_gmt":"2017-09-14T23:30:02","guid":{"rendered":"https:\/\/wegeblw.pl\/index.php\/produkt\/zeinpharma-ferromarat-zelaza-26-5-g\/"},"modified":"2026-04-07T03:11:12","modified_gmt":"2026-04-07T01:11:12","slug":"zeinpharma-ferromarat-zelaza-26-5-g","status":"publish","type":"product","link":"https:\/\/wegeblw.pl\/index.php\/produkt\/zeinpharma-ferromarat-zelaza-26-5-g\/","title":{"rendered":"ZeinPharma Ferromarat \u017celaza 26.5 g"},"content":{"rendered":"<p>Klasyk czeskiej kuchni. Znana z wi\u0119kszo\u015bci schroniskowych kuchni g\u0119sta i syc\u0105ca zupa gulaszowa. Doskonale rozgrzewa i dodaje si\u0142 do dalszej w\u0119dr\u00f3wki. Porcja standardowa po uwodnieniu to 400g i 252kCal.Posi\u0142ki liofilizowane czeskiej marki Adventure Menu to jedzenie przygotowanie w 100% z naturalnych sk\u0142adnik\u00f3w. Jedzenie po przyrz\u0105dzeniu zosta\u0142o odwodnione. Dzi\u0119ki temu posi\u0142ki nie musz\u0105 by\u0107 przechowywane w ch\u0142odnym miejscu, s\u0105 bardzo lekkie, mog\u0105 by\u0107 magazynowane przez d\u0142ugi czas i przede wszystkim nie trzeba dodawa\u0107 do niego \u017cadnych chemicznych konserwant\u00f3w. Podczas procesu liofilizacji (i ponownego uwadniania przed spo\u017cyciem) jedzenie nie traci \u017cadnych warto\u015bci od\u017cywczych, nie zmienia si\u0119 te\u017c jego smak. Przygotowanie do spo\u017cycia polega na dodaniu wody. Najwygodniej u\u017cy\u0107 gor\u0105cej wody &#8211; wtedy po up\u0142ywie kilku minut mo\u017cemy cieszy\u0107 si\u0119 pysznym i zdrowym ciep\u0142ym posi\u0142kiem. W sytuacji awaryjnej, gdy nie mamy dost\u0119pu do wrz\u0105tku, mo\u017cna te\u017c doda\u0107 zimnej wody i zje\u015b\u0107 zimny posi\u0142ek lub ostateczni<\/p>\n<p>Zdrowa \u017cywno\u015b\u0107<\/p>\n<p>wlasciwosci sza\u0142wii, hallowen data, herbata w kapsu\u0142kach, na co dzia\u0142a czystek, prazynki ziemniaczane, gotowany burak, herbata matcha przeciwwskazania, olej s\u0142odkie migda\u0142y, mi\u0119so wega\u0144skie, sza\u0142wia hiszpa\u0144ska chia seed, m\u0119tny ocet jab\u0142kowy, nelfarma srebro koloidalne, kozieradka a menopauza, kuche, m\u0105ka orkiszowa pe\u0142noziarnista, pepper x gdzie kupi\u0107, kajmak masa kr\u00f3wkowa, jak wyciszy\u0107 emocje, makaron zytni<\/p>\n<p>yyyyy<\/p>\n","protected":false},"excerpt":{"rendered":"<p>Klasyk czeskiej kuchni. Znana z wi\u0119kszo\u015bci schroniskowych kuchni g\u0119sta i syc\u0105ca zupa gulaszowa. Doskonale rozgrzewa i dodaje si\u0142 do dalszej&hellip;<\/p>\n","protected":false},"featured_media":9937,"comment_status":"closed","ping_status":"open","template":"","meta":[],"product_cat":[18],"product_tag":[744,811,777,668],"class_list":["post-9936","product","type-product","status-publish","has-post-thumbnail","hentry","product_cat-mineraly-i-witaminy","product_tag-haagen-dazs","product_tag-jajka-ekologiczne","product_tag-mieso-wege","product_tag-wolowina-ekologiczna"],"_links":{"self":[{"href":"https:\/\/wegeblw.pl\/index.php\/wp-json\/wp\/v2\/product\/9936","targetHints":{"allow":["GET"]}}],"collection":[{"href":"https:\/\/wegeblw.pl\/index.php\/wp-json\/wp\/v2\/product"}],"about":[{"href":"https:\/\/wegeblw.pl\/index.php\/wp-json\/wp\/v2\/types\/product"}],"replies":[{"embeddable":true,"href":"https:\/\/wegeblw.pl\/index.php\/wp-json\/wp\/v2\/comments?post=9936"}],"wp:featuredmedia":[{"embeddable":true,"href":"https:\/\/wegeblw.pl\/index.php\/wp-json\/wp\/v2\/media\/9937"}],"wp:attachment":[{"href":"https:\/\/wegeblw.pl\/index.php\/wp-json\/wp\/v2\/media?parent=9936"}],"wp:term":[{"taxonomy":"product_cat","embeddable":true,"href":"https:\/\/wegeblw.pl\/index.php\/wp-json\/wp\/v2\/product_cat?post=9936"},{"taxonomy":"product_tag","embeddable":true,"href":"https:\/\/wegeblw.pl\/index.php\/wp-json\/wp\/v2\/product_tag?post=9936"}],"curies":[{"name":"wp","href":"https:\/\/api.w.org\/{rel}","templated":true}]}}