{"id":9940,"date":"2021-02-22T06:27:13","date_gmt":"2021-02-22T05:27:13","guid":{"rendered":"https:\/\/wegeblw.pl\/index.php\/produkt\/bach-dr-healing-herbs-mustard-gorczyca-polna-krople-10ml\/"},"modified":"2026-04-09T00:19:00","modified_gmt":"2026-04-08T22:19:00","slug":"bach-dr-healing-herbs-mustard-gorczyca-polna-krople-10ml","status":"publish","type":"product","link":"https:\/\/wegeblw.pl\/index.php\/produkt\/bach-dr-healing-herbs-mustard-gorczyca-polna-krople-10ml\/","title":{"rendered":"Bach Dr (Healing Herbs) Mustard Gorczyca Polna Krople 10Ml"},"content":{"rendered":"<p>MAGNEZ + WITAMINA B6 \u2013 120 tabletek \u2013 4F FUELSk\u0142adniki aktywne produktu pomagaj\u0105 w prawid\u0142owym funkcjonowaniu uk\u0142adu nerwowego.Poziom magnezu nale\u017cy uzupe\u0142nia\u0107 po aktywnym wysi\u0142ku fizycznym, stresie psychicznym lub w przypadku deficyt\u00f3w w diecie.Suplement diety zmniejsza uczucie zm\u0119czenia i znu\u017cenia oraz wspiera utrzymanie prawid\u0142owych funkcji psychologicznych.Wspiera prawid\u0142owy metabolizm energetyczny.Utrzymuje r\u00f3wnowag\u0119 elektrolitow\u0105 oraz wspomaga utrzymanie zdrowych z\u0119b\u00f3w i ko\u015bci.\u015awietne uzupe\u0142nienie diety w magnez i witamin\u0119 B6.100% ketoProdukt zgodny z ide\u0105 diety ketogenicznejSk\u0142ad potwierdzony badaniamiSuplement diety zosta\u0142 poddany badaniom w niezale\u017cnym, akredytowanym laboratorium, w celu zapewnienia i utrzymania najwy\u017cszej jako\u015bciKomplementarne dzia\u0142anieWzajemnie uzupe\u0142niaj\u0105ce si\u0119 sk\u0142adniki mineralne i witaminy wykazuj\u0105 aktywne dzia\u0142anie w organizmieWspiera prac\u0119 m\u00f3zguSuplement diety usprawnia prac\u0119 m\u00f3zgu<\/p>\n<p>Pozosta\u0142e suplementy<\/p>\n<p>gerber dynia, co to jest s\u00f3l, pasta z czarnej fasoli, kolor iglasty, chleby bezglutenowe, 75 g cukru, p\u0142yn do czyszczenia kuchni, krem ciasteczkowy, co to sa w\u0119glowodany<\/p>\n<p>yyyyy<\/p>\n","protected":false},"excerpt":{"rendered":"<p>MAGNEZ + WITAMINA B6 \u2013 120 tabletek \u2013 4F FUELSk\u0142adniki aktywne produktu pomagaj\u0105 w prawid\u0142owym funkcjonowaniu uk\u0142adu nerwowego.Poziom magnezu nale\u017cy&hellip;<\/p>\n","protected":false},"featured_media":9941,"comment_status":"closed","ping_status":"open","template":"","meta":[],"product_cat":[20],"product_tag":[744,771,654],"class_list":["post-9940","product","type-product","status-publish","has-post-thumbnail","hentry","product_cat-preparaty-medycyny-naturalnej","product_tag-haagen-dazs","product_tag-jak-jesc-granat","product_tag-plastik-w-oceanach"],"_links":{"self":[{"href":"https:\/\/wegeblw.pl\/index.php\/wp-json\/wp\/v2\/product\/9940","targetHints":{"allow":["GET"]}}],"collection":[{"href":"https:\/\/wegeblw.pl\/index.php\/wp-json\/wp\/v2\/product"}],"about":[{"href":"https:\/\/wegeblw.pl\/index.php\/wp-json\/wp\/v2\/types\/product"}],"replies":[{"embeddable":true,"href":"https:\/\/wegeblw.pl\/index.php\/wp-json\/wp\/v2\/comments?post=9940"}],"wp:featuredmedia":[{"embeddable":true,"href":"https:\/\/wegeblw.pl\/index.php\/wp-json\/wp\/v2\/media\/9941"}],"wp:attachment":[{"href":"https:\/\/wegeblw.pl\/index.php\/wp-json\/wp\/v2\/media?parent=9940"}],"wp:term":[{"taxonomy":"product_cat","embeddable":true,"href":"https:\/\/wegeblw.pl\/index.php\/wp-json\/wp\/v2\/product_cat?post=9940"},{"taxonomy":"product_tag","embeddable":true,"href":"https:\/\/wegeblw.pl\/index.php\/wp-json\/wp\/v2\/product_tag?post=9940"}],"curies":[{"name":"wp","href":"https:\/\/api.w.org\/{rel}","templated":true}]}}