{"id":9946,"date":"2017-03-11T20:29:06","date_gmt":"2017-03-11T19:29:06","guid":{"rendered":"https:\/\/wegeblw.pl\/index.php\/produkt\/ostrovit-olej-mct-500ml\/"},"modified":"2026-04-08T03:44:25","modified_gmt":"2026-04-08T01:44:25","slug":"ostrovit-olej-mct-500ml","status":"publish","type":"product","link":"https:\/\/wegeblw.pl\/index.php\/produkt\/ostrovit-olej-mct-500ml\/","title":{"rendered":"Ostrovit Olej Mct 500ml"},"content":{"rendered":"<p>Emolium A-topic Tr\u00f3jaktywna Emulsja do cia\u0142a 200ml<\/p>\n<p>Pozosta\u0142e kosmetyki do piel\u0119gnacji cia\u0142a<\/p>\n<p>ma\u0142y makaron, rzodkiew japonska, suplement maca, zdrowe cukierki, witamina cw proszku do twarzy, dynia olbrzymia nasiona, cukier waniliowy, wisiolek, yope p\u0142yn do \u0142azienki<\/p>\n<p>yyyyy<\/p>\n","protected":false},"excerpt":{"rendered":"<p>Emolium A-topic Tr\u00f3jaktywna Emulsja do cia\u0142a 200ml Pozosta\u0142e kosmetyki do piel\u0119gnacji cia\u0142a ma\u0142y makaron, rzodkiew japonska, suplement maca, zdrowe cukierki,&hellip;<\/p>\n","protected":false},"featured_media":9947,"comment_status":"closed","ping_status":"open","template":"","meta":[],"product_cat":[494],"product_tag":[843,738,622],"class_list":["post-9946","product","type-product","status-publish","has-post-thumbnail","hentry","product_cat-oliwy-i-oleje","product_tag-jak-gotowac-komose-ryzowa","product_tag-mieso-bio","product_tag-vege-mieso"],"_links":{"self":[{"href":"https:\/\/wegeblw.pl\/index.php\/wp-json\/wp\/v2\/product\/9946","targetHints":{"allow":["GET"]}}],"collection":[{"href":"https:\/\/wegeblw.pl\/index.php\/wp-json\/wp\/v2\/product"}],"about":[{"href":"https:\/\/wegeblw.pl\/index.php\/wp-json\/wp\/v2\/types\/product"}],"replies":[{"embeddable":true,"href":"https:\/\/wegeblw.pl\/index.php\/wp-json\/wp\/v2\/comments?post=9946"}],"wp:featuredmedia":[{"embeddable":true,"href":"https:\/\/wegeblw.pl\/index.php\/wp-json\/wp\/v2\/media\/9947"}],"wp:attachment":[{"href":"https:\/\/wegeblw.pl\/index.php\/wp-json\/wp\/v2\/media?parent=9946"}],"wp:term":[{"taxonomy":"product_cat","embeddable":true,"href":"https:\/\/wegeblw.pl\/index.php\/wp-json\/wp\/v2\/product_cat?post=9946"},{"taxonomy":"product_tag","embeddable":true,"href":"https:\/\/wegeblw.pl\/index.php\/wp-json\/wp\/v2\/product_tag?post=9946"}],"curies":[{"name":"wp","href":"https:\/\/api.w.org\/{rel}","templated":true}]}}