{"id":995,"date":"2015-02-01T11:48:43","date_gmt":"2015-02-01T10:48:43","guid":{"rendered":"https:\/\/wegeblw.pl\/index.php\/produkt\/swanson-mezoglikan-50mg-30-kaps\/"},"modified":"2026-04-08T19:22:05","modified_gmt":"2026-04-08T17:22:05","slug":"swanson-mezoglikan-50mg-30-kaps","status":"publish","type":"product","link":"https:\/\/wegeblw.pl\/index.php\/produkt\/swanson-mezoglikan-50mg-30-kaps\/","title":{"rendered":"Swanson Mezoglikan 50Mg 30 Kaps"},"content":{"rendered":"<p>\u015awietny smak owoc\u00f3w Aromatyzowana organiczna mieszanka herbat owocowych z naturalnym aromatem porzeczki, opracowana specjalnie dla dzieci, inspiruje wspania\u0142ym smakiem i naturaln\u0105 s\u0142odycz\u0105 natury. Organiczna herbata &#8222;Bibo Beere&#8221; smakuje r\u00f3wnie\u017c na zimno. B\u00f3br BIBO, stra\u017cnik wody, pokazuje, jak wa\u017cna jest ochrona przyrody i w zabawny spos\u00f3b przybli\u017ca j\u0105 dzieciom. Ma\u0142e zagadki w opakowaniu pokazuj\u0105, jak ekscytuj\u0105ca jest przyroda. To sprawia, \u017ce picie herbaty jest przyjemno\u015bci\u0105 r\u00f3wnie\u017c dla dzieci!<\/p>\n<p>Zio\u0142a i herbaty lecznicze<\/p>\n<p>kie\u0142ki kozieradki, estragon przyprawa, sanprobi super formula opinie, barc, herbata wi\u015bnie w rumie, herbata z rzodkiewk\u0105, s\u00f3l epsom 5 kg, p\u0142ask\u00f3rka, obiady liofilizowane, sol himalajska rozowa, kudzu dzia\u0142anie, w\u0142a\u015bciwo\u015bci czosnku nied\u017awiedziego, wega\u0144ski ser ple\u015bniowy, praca mi\u0119\u015bni szkieletowych jest niezale\u017cna od naszej woli, tulsi herbata, kasza z samopszy, m\u0105ka \u017cytnia do chleba, sklep ekologiczny gliwice, \u017cywokost z gojnikiem olej, mus migda\u0142owy<\/p>\n<p><a href=\"https:\/\/wellispolska.com.pl\" rel=\"nofollow\">wellis polska<\/a><\/p>\n","protected":false},"excerpt":{"rendered":"<p>\u015awietny smak owoc\u00f3w Aromatyzowana organiczna mieszanka herbat owocowych z naturalnym aromatem porzeczki, opracowana specjalnie dla dzieci, inspiruje wspania\u0142ym smakiem i&hellip;<\/p>\n","protected":false},"featured_media":996,"comment_status":"closed","ping_status":"open","template":"","meta":[],"product_cat":[81],"product_tag":[670,679,777,740],"class_list":["post-995","product","type-product","status-publish","has-post-thumbnail","hentry","product_cat-uklad-krazenia-i-serce","product_tag-czeslaw-lang-choroba","product_tag-dynia-hokkaido","product_tag-mieso-wege","product_tag-siemie-lniane-na-co"],"_links":{"self":[{"href":"https:\/\/wegeblw.pl\/index.php\/wp-json\/wp\/v2\/product\/995","targetHints":{"allow":["GET"]}}],"collection":[{"href":"https:\/\/wegeblw.pl\/index.php\/wp-json\/wp\/v2\/product"}],"about":[{"href":"https:\/\/wegeblw.pl\/index.php\/wp-json\/wp\/v2\/types\/product"}],"replies":[{"embeddable":true,"href":"https:\/\/wegeblw.pl\/index.php\/wp-json\/wp\/v2\/comments?post=995"}],"wp:featuredmedia":[{"embeddable":true,"href":"https:\/\/wegeblw.pl\/index.php\/wp-json\/wp\/v2\/media\/996"}],"wp:attachment":[{"href":"https:\/\/wegeblw.pl\/index.php\/wp-json\/wp\/v2\/media?parent=995"}],"wp:term":[{"taxonomy":"product_cat","embeddable":true,"href":"https:\/\/wegeblw.pl\/index.php\/wp-json\/wp\/v2\/product_cat?post=995"},{"taxonomy":"product_tag","embeddable":true,"href":"https:\/\/wegeblw.pl\/index.php\/wp-json\/wp\/v2\/product_tag?post=995"}],"curies":[{"name":"wp","href":"https:\/\/api.w.org\/{rel}","templated":true}]}}