{"id":9952,"date":"2015-01-16T10:24:31","date_gmt":"2015-01-16T09:24:31","guid":{"rendered":"https:\/\/wegeblw.pl\/index.php\/produkt\/now-foods-witamina-a-25000iu-250kaps\/"},"modified":"2026-04-09T10:42:34","modified_gmt":"2026-04-09T08:42:34","slug":"now-foods-witamina-a-25000iu-250kaps","status":"publish","type":"product","link":"https:\/\/wegeblw.pl\/index.php\/produkt\/now-foods-witamina-a-25000iu-250kaps\/","title":{"rendered":"Now Foods Witamina A 25000iu 250kaps."},"content":{"rendered":"<p>Zdrowa \u017cywno\u015b\u0107<\/p>\n<p>r\u00f3\u017cd\u017cki smaku, prosty sklad, kurkuma ile dziennie, erytrol dla cukrzyka, rumianek przeciwwskazania, eco torba, maka jaglana gluten, czy sa\u0142ata lodowa jest zdrowa, ser parmezan<\/p>\n<p>yyyyy<\/p>\n","protected":false},"excerpt":{"rendered":"<p>Zdrowa \u017cywno\u015b\u0107 r\u00f3\u017cd\u017cki smaku, prosty sklad, kurkuma ile dziennie, erytrol dla cukrzyka, rumianek przeciwwskazania, eco torba, maka jaglana gluten, czy&hellip;<\/p>\n","protected":false},"featured_media":9953,"comment_status":"closed","ping_status":"open","template":"","meta":[],"product_cat":[18],"product_tag":[736,777,686,707],"class_list":["post-9952","product","type-product","status-publish","has-post-thumbnail","hentry","product_cat-mineraly-i-witaminy","product_tag-dojrzale-pl","product_tag-mieso-wege","product_tag-sekacz-skad","product_tag-wege-mieso"],"_links":{"self":[{"href":"https:\/\/wegeblw.pl\/index.php\/wp-json\/wp\/v2\/product\/9952","targetHints":{"allow":["GET"]}}],"collection":[{"href":"https:\/\/wegeblw.pl\/index.php\/wp-json\/wp\/v2\/product"}],"about":[{"href":"https:\/\/wegeblw.pl\/index.php\/wp-json\/wp\/v2\/types\/product"}],"replies":[{"embeddable":true,"href":"https:\/\/wegeblw.pl\/index.php\/wp-json\/wp\/v2\/comments?post=9952"}],"wp:featuredmedia":[{"embeddable":true,"href":"https:\/\/wegeblw.pl\/index.php\/wp-json\/wp\/v2\/media\/9953"}],"wp:attachment":[{"href":"https:\/\/wegeblw.pl\/index.php\/wp-json\/wp\/v2\/media?parent=9952"}],"wp:term":[{"taxonomy":"product_cat","embeddable":true,"href":"https:\/\/wegeblw.pl\/index.php\/wp-json\/wp\/v2\/product_cat?post=9952"},{"taxonomy":"product_tag","embeddable":true,"href":"https:\/\/wegeblw.pl\/index.php\/wp-json\/wp\/v2\/product_tag?post=9952"}],"curies":[{"name":"wp","href":"https:\/\/api.w.org\/{rel}","templated":true}]}}