{"id":9998,"date":"2019-11-28T11:00:55","date_gmt":"2019-11-28T10:00:55","guid":{"rendered":"https:\/\/wegeblw.pl\/index.php\/produkt\/boiron-ignatia-amara-200ch-granulki-4-g\/"},"modified":"2026-04-10T04:24:05","modified_gmt":"2026-04-10T02:24:05","slug":"boiron-ignatia-amara-200ch-granulki-4-g","status":"publish","type":"product","link":"https:\/\/wegeblw.pl\/index.php\/produkt\/boiron-ignatia-amara-200ch-granulki-4-g\/","title":{"rendered":"BOIRON Ignatia Amara 200CH granulki 4 g"},"content":{"rendered":"<p>Pharmaceris N ACTIVE-CAPILARIL FORTE Specjalny krem koj\u0105co-wzmacniaj\u0105cy do twarzy 30ml                            <\/p>\n<p>WSKAZANIASpecjalistyczny preparat do codziennej, intensywnej piel\u0119gnacji sk\u00f3ry z utrwalonym zaczerwienieniem, z wyra\u017anie rozszerzonymi i pop\u0119kanymi naczynkami oraz z tendencj\u0105 do rumienia.\u00a0 \u00a0                            <\/p>\n<p>DZIA\u0141ANIEPreparat o wysokim st\u0119\u017ceniu mikronizowanej diosminy i hesperydyny zapewnia wyj\u0105tkow\u0105 skuteczno\u015b\u0107 w niwelowaniu trwa\u0142ych zaczerwienie\u0144 oraz przeciwdzia\u0142a ich utrwalaniu. Ich synergiczne dzia\u0142anie wzmacnia \u015bcianki naczy\u0144 krwiono\u015bnych chroni\u0105c je przed dalszymi uszkodzeniami i p\u0119kaniem.Mas\u0142o Shea, na\u015bladuj\u0105ce lipidow\u0105 os\u0142on\u0119 sk\u00f3ry oraz D-pantenol koj\u0105 i \u0142agodz\u0105 podra\u017cnienia oraz intensywnie wspomagaj\u0105 regeneracj\u0119 nask\u00f3rka.Formu\u0142a wzbogacona w olej Canola, wosk z oliwek oraz gliceryn\u0119 zapewnia odpowiedni poziom nat\u0142uszczenia i nawil\u017cenia przywracaj\u0105c sk\u00f3rze g\u0142adko\u015b\u0107 i elastyczno\u015b\u0107.WYSOKA TOLERANCJA I SKUTECZNO\u015a\u0106PRZEBADANO DERMATOLOGICZNIE\u00a0Pojemno\u015b\u0107: 30 ml                            <\/p>\n<p>SK\u0141ADNIKIDiosminawzmacnia \u015bcianki naczynek krwiono\u015bnych, zapobiega ich p\u0119kaniu oraz zabezpiecza przed uszkodzeniem.Hesperydynadzia\u0142a przeciwutleniaj\u0105co, wzmacnia naczynia krwiono\u015bne oraz zabezpiecza je przed uszkodzeniami.Olej Canolabogaty w naturaln\u0105 witamin\u0119 E ma w\u0142a\u015bciwo\u015bci \u0142agodz\u0105ce oraz przeciwzapalne. Zmniejsza objawy przesuszenia nask\u00f3rka.D-pantenolo w\u0142a\u015bciwo\u015bciach koj\u0105cych i \u0142agodz\u0105cych, zmniejsza tendencj\u0119 do nadwra\u017cliwo\u015bci sk\u00f3ry.Wosk z oliwekjest \u0142agodnym emolientem, od\u017cywia i nawil\u017ca sk\u00f3r\u0119.Mas\u0142o Sheana\u015bladuje struktur\u0105 naturaln\u0105 lipidow\u0105 os\u0142on\u0119 sk\u00f3ry, dzia\u0142a \u0142agodz\u0105co i od\u017cywczo na nask\u00f3rek. Zmniejsza tendencj\u0119 do rumienia i pojawiania si\u0119 nowych naczynek.                            <\/p>\n<p>SPOS\u00d3B U\u017bYCIAPrzygotowa\u0107 sk\u00f3r\u0119 do na\u0142o\u017cenia kremu oczyszczaj\u0105c j\u0105 preparatem z serii Pharmaceris N.Nast\u0119pnie rozprowadzi\u0107 krem na sk\u00f3rze twarzy i szyi.Stosowa\u0107 codziennie rano i wieczorem.Stanowi doskona\u0142\u0105 baz\u0119 pod makija\u017c.\u00a0\u00a0                            <\/p>\n<p>BEZPIECZE\u0143STWO I SKUTECZNO\u015a\u0106Dermatologiczna formu\u0142a opracowana dla sk\u00f3ry wra\u017cliwejwysoka tolerancja i skuteczno\u015b\u0107przebadano dermatologicznieSkuteczno\u015b\u0107 potwierdzona w badaniach dermatologicznych na sk\u00f3rze naczynkowej*:78% \u0142agodzi67% zmniejsza zaczerwienienia\u00a081% wyg\u0142adza74% nawil\u017ca\u00a0\u00a0\u0179r\u00f3d\u0142o: *badania in vivo w Centrum Naukowo-Badawczym Dr Irena Eris po 3 tygodniach stosowania.\u00a0                            <\/p>\n<p>INCISk\u0142adniki\/Ingredients: Aqua (Water), Isopropyl Myristate, Pentylene Glycol, Polyglyceryl-3 Methylglucose Distearate, Petrolatum, Glycerin, Sorbeth-30, Glyceryl Stearate, Canola (Canola) Oil, Decyl Oleate, Dimethicone, Cetearyl Alcohol, Butyrospermum Parkii (Shea) Butter, Triisostearin, Panthenol, Hesperidine Methyl Chalcone, Palmitic Acid, Hydrogenated Olive Oil Decyl Esters, Stearic Acid, Polyacrylamide, Lonicera Caprifolium (Honeysuckle) Flower Extract, C13-14 Isoparaffin, Lonicera Japonica (Honeysuckle) Flower Extract, Silica Dimethyl Silylate, Laureth-7, BHA, Soluble Collagen, Diosmine, Hydrolyzed Elastin, Ethylhexylglycerin, Phenoxyethanol, Parfum (Fragrance).<\/p>\n<p>Dermokosmetyki<\/p>\n<p>20 st\u00f3p, kit pszczeli, witaminy antyoksydacyjne, nasionka konopi, w\u0119dzone tofu, odporno\u015b\u0107, mrozne kakao, nalesniki keto, wit d3 dr jacobs, p\u0142yn lugola 5%, fromagge, myd\u0142o aleppo 40 oleju laurowego, sos chrzanowy, co tk, energetyk\u00f3w, m\u0105ka orkiszowa pe\u0142noziarnista, skrobia ziemniaczana, dr cebula kielce<\/p>\n<p>yyyyy<\/p>\n","protected":false},"excerpt":{"rendered":"<p>Pharmaceris N ACTIVE-CAPILARIL FORTE Specjalny krem koj\u0105co-wzmacniaj\u0105cy do twarzy 30ml WSKAZANIASpecjalistyczny preparat do codziennej, intensywnej piel\u0119gnacji sk\u00f3ry z utrwalonym zaczerwienieniem,&hellip;<\/p>\n","protected":false},"featured_media":9999,"comment_status":"closed","ping_status":"open","template":"","meta":[],"product_cat":[101],"product_tag":[692,649,725,782,882,665],"class_list":["post-9998","product","type-product","status-publish","has-post-thumbnail","hentry","product_cat-homeopatia","product_tag-jelito-drazliwe","product_tag-organic24","product_tag-pasta-sezamowa-do-czego","product_tag-rekawiczki-nitrylowe-l","product_tag-veegs","product_tag-weganskie-mieso"],"_links":{"self":[{"href":"https:\/\/wegeblw.pl\/index.php\/wp-json\/wp\/v2\/product\/9998","targetHints":{"allow":["GET"]}}],"collection":[{"href":"https:\/\/wegeblw.pl\/index.php\/wp-json\/wp\/v2\/product"}],"about":[{"href":"https:\/\/wegeblw.pl\/index.php\/wp-json\/wp\/v2\/types\/product"}],"replies":[{"embeddable":true,"href":"https:\/\/wegeblw.pl\/index.php\/wp-json\/wp\/v2\/comments?post=9998"}],"wp:featuredmedia":[{"embeddable":true,"href":"https:\/\/wegeblw.pl\/index.php\/wp-json\/wp\/v2\/media\/9999"}],"wp:attachment":[{"href":"https:\/\/wegeblw.pl\/index.php\/wp-json\/wp\/v2\/media?parent=9998"}],"wp:term":[{"taxonomy":"product_cat","embeddable":true,"href":"https:\/\/wegeblw.pl\/index.php\/wp-json\/wp\/v2\/product_cat?post=9998"},{"taxonomy":"product_tag","embeddable":true,"href":"https:\/\/wegeblw.pl\/index.php\/wp-json\/wp\/v2\/product_tag?post=9998"}],"curies":[{"name":"wp","href":"https:\/\/api.w.org\/{rel}","templated":true}]}}